{"id":1370,"date":"2023-10-26T22:20:53","date_gmt":"2023-10-26T20:20:53","guid":{"rendered":"https:\/\/feb.ch.bme.hu\/?page_id=1370"},"modified":"2023-10-26T22:26:10","modified_gmt":"2023-10-26T20:26:10","slug":"harcsa-pinter-zsofia","status":"publish","type":"page","link":"https:\/\/feb.ch.bme.hu\/index.php\/bemutatkozas\/tagjaink\/kemia-tanszek\/harcsa-pinter-zsofia\/","title":{"rendered":"Harcsa-Pint\u00e9r Zs\u00f3fia"},"content":{"rendered":"\t\t<div data-elementor-type=\"wp-page\" data-elementor-id=\"1370\" class=\"elementor elementor-1370\">\n\t\t\t\t<div class=\"elementor-element elementor-element-41aeec9 e-flex e-con-boxed e-con e-parent\" data-id=\"41aeec9\" data-element_type=\"container\" data-e-type=\"container\">\n\t\t\t\t\t<div class=\"e-con-inner\">\n\t\t<div class=\"elementor-element elementor-element-c180339 e-con-full e-flex e-con e-child\" data-id=\"c180339\" data-element_type=\"container\" data-e-type=\"container\">\n\t\t\t\t<div class=\"elementor-element elementor-element-e662fc8 elementor-widget elementor-widget-image\" data-id=\"e662fc8\" data-element_type=\"widget\" data-e-type=\"widget\" data-widget_type=\"image.default\">\n\t\t\t\t<div class=\"elementor-widget-container\">\n\t\t\t\t\t\t\t\t\t\t\t\t\t\t\t<img fetchpriority=\"high\" decoding=\"async\" width=\"800\" height=\"682\" src=\"https:\/\/feb.ch.bme.hu\/wp-content\/uploads\/2023\/10\/harcsa-pinter_zsofia.jpg\" class=\"attachment-large size-large wp-image-1294\" alt=\"\" \/>\t\t\t\t\t\t\t\t\t\t\t\t\t\t\t<\/div>\n\t\t\t\t<\/div>\n\t\t\t\t<div class=\"elementor-element elementor-element-353399b elementor-widget elementor-widget-heading\" data-id=\"353399b\" data-element_type=\"widget\" data-e-type=\"widget\" data-widget_type=\"heading.default\">\n\t\t\t\t<div class=\"elementor-widget-container\">\n\t\t\t\t\t<h5 class=\"elementor-heading-title elementor-size-default\">Harcsa-Pint\u00e9r Zs\u00f3fia<\/h5>\t\t\t\t<\/div>\n\t\t\t\t<\/div>\n\t\t\t\t<\/div>\n\t\t<div class=\"elementor-element elementor-element-af4c605 e-con-full e-flex e-con e-child\" data-id=\"af4c605\" data-element_type=\"container\" data-e-type=\"container\">\n\t\t\t\t<div class=\"elementor-element elementor-element-e9f9b55 elementor-widget elementor-widget-text-editor\" data-id=\"e9f9b55\" data-element_type=\"widget\" data-e-type=\"widget\" data-widget_type=\"text-editor.default\">\n\t\t\t\t<div class=\"elementor-widget-container\">\n\t\t\t\t\t\t\t\t\t<h4><strong>Tanulm\u00e1nyok<\/strong><\/h4>\n<ul>\n<li><span data-sheets-value=\"{&quot;1&quot;:2,&quot;2&quot;:&quot;Vegy\u00e9szm\u00e9rn\u00f6k BSc&quot;}\" data-sheets-userformat=\"{&quot;2&quot;:897,&quot;3&quot;:{&quot;1&quot;:0},&quot;10&quot;:0,&quot;11&quot;:4,&quot;12&quot;:0}\">Vegy\u00e9szm\u00e9rn\u00f6k BSc<\/span><\/li>\n<\/ul>\n<h4><strong>FEB-tags\u00e1g kezdete<\/strong><\/h4>\n<p><span data-sheets-value=\"{&quot;1&quot;:3,&quot;3&quot;:2021}\" data-sheets-userformat=\"{&quot;2&quot;:897,&quot;3&quot;:{&quot;1&quot;:0},&quot;10&quot;:0,&quot;11&quot;:4,&quot;12&quot;:0}\">2021.<\/span><\/p>\n<h4><strong>Mi vonzott ide?<\/strong><\/h4>\n<p><span data-sheets-value=\"{&quot;1&quot;:2,&quot;2&quot;:&quot;K\u00f6z\u00e9piskol\u00e1sk\u00e9nt t\u00f6bbsz\u00f6r r\u00e9szt vettem FEB-t\u00e1borokban, szakmai napokon, m\u00e1r akkor is tudtam, hogyha egyszer egyetemista leszek, \u00e9n is szeretn\u00e9k csatlakozni a csapathoz. Az\u00f3ta teljesen beszippantott a bar\u00e1tias l\u00e9gk\u00f6r \u00e9s a t\u00e1mogat\u00f3 k\u00f6z\u00f6ss\u00e9g. &quot;}\" data-sheets-userformat=\"{&quot;2&quot;:897,&quot;3&quot;:{&quot;1&quot;:0},&quot;10&quot;:0,&quot;11&quot;:4,&quot;12&quot;:0}\">K\u00f6z\u00e9piskol\u00e1sk\u00e9nt t\u00f6bbsz\u00f6r r\u00e9szt vettem FEB-t\u00e1borokban, szakmai napokon, m\u00e1r akkor is tudtam, hogyha egyszer egyetemista leszek, \u00e9n is szeretn\u00e9k csatlakozni a csapathoz. Az\u00f3ta teljesen beszippantott a bar\u00e1tias l\u00e9gk\u00f6r \u00e9s a t\u00e1mogat\u00f3 k\u00f6z\u00f6ss\u00e9g. <\/span><\/p>\n<h4><strong>Hobbik<\/strong><\/h4>\n<p><span data-sheets-value=\"{&quot;1&quot;:2,&quot;2&quot;:&quot;Im\u00e1dok olvasni, t\u00e1rsasozni, t\u00far\u00e1zni \u00e9s heged\u00fclni. Ezeken k\u00edv\u00fcl a best program ny\u00e1rra a t\u00e1boroztat\u00e1s, csak a hadij\u00e1t\u00e9kt\u00f3l mentsetek meg.&quot;}\" data-sheets-userformat=\"{&quot;2&quot;:897,&quot;3&quot;:{&quot;1&quot;:0},&quot;10&quot;:0,&quot;11&quot;:4,&quot;12&quot;:0}\">Im\u00e1dok olvasni, t\u00e1rsasozni, t\u00far\u00e1zni \u00e9s heged\u00fclni. Ezeken k\u00edv\u00fcl a best program ny\u00e1rra a t\u00e1boroztat\u00e1s, csak a hadij\u00e1t\u00e9kt\u00f3l mentsetek meg.<\/span><\/p>\n<h4><strong>El\u00e9rhet\u0151s\u00e9gek<\/strong><\/h4>\n<p><a href=\"mailto:hpzsofi@gmail.com\"><span data-sheets-value=\"{&quot;1&quot;:2,&quot;2&quot;:&quot;hpzsofi@gmail.com&quot;}\" data-sheets-userformat=\"{&quot;2&quot;:641,&quot;3&quot;:{&quot;1&quot;:0},&quot;10&quot;:0,&quot;12&quot;:0}\">hpzsofi@gmail.com<\/span><\/a><\/p>\t\t\t\t\t\t\t\t<\/div>\n\t\t\t\t<\/div>\n\t\t\t\t<\/div>\n\t\t\t\t\t<\/div>\n\t\t\t\t<\/div>\n\t\t\t\t<\/div>\n\t\t","protected":false},"excerpt":{"rendered":"<p>Harcsa-Pint\u00e9r Zs\u00f3fia Tanulm\u00e1nyok Vegy\u00e9szm\u00e9rn\u00f6k BSc FEB-tags\u00e1g kezdete 2021. Mi vonzott ide? K\u00f6z\u00e9piskol\u00e1sk\u00e9nt t\u00f6bbsz\u00f6r r\u00e9szt vettem FEB-t\u00e1borokban, szakmai napokon, m\u00e1r akkor is tudtam, hogyha egyszer egyetemista leszek, \u00e9n is szeretn\u00e9k csatlakozni a csapathoz. Az\u00f3ta teljesen beszippantott a bar\u00e1tias l\u00e9gk\u00f6r \u00e9s a t\u00e1mogat\u00f3 k\u00f6z\u00f6ss\u00e9g. Hobbik Im\u00e1dok olvasni, t\u00e1rsasozni, t\u00far\u00e1zni \u00e9s heged\u00fclni. Ezeken k\u00edv\u00fcl a best program ny\u00e1rra a t\u00e1boroztat\u00e1s, csak a hadij\u00e1t\u00e9kt\u00f3l mentsetek meg. El\u00e9rhet\u0151s\u00e9gek hpzsofi@gmail.com<\/p>\n","protected":false},"author":2,"featured_media":0,"parent":816,"menu_order":0,"comment_status":"closed","ping_status":"closed","template":"","meta":{"_eb_attr":"","footnotes":""},"class_list":["post-1370","page","type-page","status-publish"],"featured_image_src":null,"featured_image_src_square":null,"jetpack_sharing_enabled":true,"_links":{"self":[{"href":"https:\/\/feb.ch.bme.hu\/index.php\/wp-json\/wp\/v2\/pages\/1370","targetHints":{"allow":["GET"]}}],"collection":[{"href":"https:\/\/feb.ch.bme.hu\/index.php\/wp-json\/wp\/v2\/pages"}],"about":[{"href":"https:\/\/feb.ch.bme.hu\/index.php\/wp-json\/wp\/v2\/types\/page"}],"author":[{"embeddable":true,"href":"https:\/\/feb.ch.bme.hu\/index.php\/wp-json\/wp\/v2\/users\/2"}],"replies":[{"embeddable":true,"href":"https:\/\/feb.ch.bme.hu\/index.php\/wp-json\/wp\/v2\/comments?post=1370"}],"version-history":[{"count":6,"href":"https:\/\/feb.ch.bme.hu\/index.php\/wp-json\/wp\/v2\/pages\/1370\/revisions"}],"predecessor-version":[{"id":1376,"href":"https:\/\/feb.ch.bme.hu\/index.php\/wp-json\/wp\/v2\/pages\/1370\/revisions\/1376"}],"up":[{"embeddable":true,"href":"https:\/\/feb.ch.bme.hu\/index.php\/wp-json\/wp\/v2\/pages\/816"}],"wp:attachment":[{"href":"https:\/\/feb.ch.bme.hu\/index.php\/wp-json\/wp\/v2\/media?parent=1370"}],"curies":[{"name":"wp","href":"https:\/\/api.w.org\/{rel}","templated":true}]}}