{"id":1880,"date":"2024-09-28T13:23:03","date_gmt":"2024-09-28T11:23:03","guid":{"rendered":"https:\/\/feb.ch.bme.hu\/?page_id=1880"},"modified":"2025-08-19T20:50:52","modified_gmt":"2025-08-19T18:50:52","slug":"oroszi-mate-zalan","status":"publish","type":"page","link":"https:\/\/feb.ch.bme.hu\/index.php\/bemutatkozas\/tagjaink\/biologia-tanszek\/oroszi-mate-zalan\/","title":{"rendered":"Oroszi M\u00e1t\u00e9 Zal\u00e1n"},"content":{"rendered":"\t\t<div data-elementor-type=\"wp-page\" data-elementor-id=\"1880\" class=\"elementor elementor-1880\">\n\t\t\t\t<div class=\"elementor-element elementor-element-954d525 e-flex e-con-boxed e-con e-parent\" data-id=\"954d525\" data-element_type=\"container\" data-e-type=\"container\">\n\t\t\t\t\t<div class=\"e-con-inner\">\n\t\t<div class=\"elementor-element elementor-element-c2339d6 e-con-full e-flex e-con e-child\" data-id=\"c2339d6\" data-element_type=\"container\" data-e-type=\"container\">\n\t\t\t\t<div class=\"elementor-element elementor-element-a3da604 elementor-widget elementor-widget-image\" data-id=\"a3da604\" data-element_type=\"widget\" data-e-type=\"widget\" data-widget_type=\"image.default\">\n\t\t\t\t<div class=\"elementor-widget-container\">\n\t\t\t\t\t\t\t\t\t\t\t\t\t\t\t<img fetchpriority=\"high\" decoding=\"async\" width=\"800\" height=\"533\" src=\"https:\/\/feb.ch.bme.hu\/wp-content\/uploads\/2025\/07\/MateZalan.jpg\" class=\"attachment-large size-large wp-image-2023\" alt=\"\" \/>\t\t\t\t\t\t\t\t\t\t\t\t\t\t\t<\/div>\n\t\t\t\t<\/div>\n\t\t\t\t<div class=\"elementor-element elementor-element-7f7a979 elementor-widget elementor-widget-heading\" data-id=\"7f7a979\" data-element_type=\"widget\" data-e-type=\"widget\" data-widget_type=\"heading.default\">\n\t\t\t\t<div class=\"elementor-widget-container\">\n\t\t\t\t\t<h5 class=\"elementor-heading-title elementor-size-default\">Oroszi M\u00e1t\u00e9 Zal\u00e1n<\/h5>\t\t\t\t<\/div>\n\t\t\t\t<\/div>\n\t\t\t\t<\/div>\n\t\t<div class=\"elementor-element elementor-element-1408128 e-con-full e-flex e-con e-child\" data-id=\"1408128\" data-element_type=\"container\" data-e-type=\"container\">\n\t\t\t\t<div class=\"elementor-element elementor-element-15189ed elementor-widget elementor-widget-text-editor\" data-id=\"15189ed\" data-element_type=\"widget\" data-e-type=\"widget\" data-widget_type=\"text-editor.default\">\n\t\t\t\t<div class=\"elementor-widget-container\">\n\t\t\t\t\t\t\t\t\t<h4><strong>Tanulm\u00e1nyok<\/strong><\/h4>\n<ul>\n<li><span data-sheets-value=\"{&quot;1&quot;:2,&quot;2&quot;:&quot;BME - VBK, vegy\u00e9szm\u00e9rn\u00f6ki Bsc&quot;}\" data-sheets-userformat=\"{&quot;2&quot;:897,&quot;3&quot;:{&quot;1&quot;:0},&quot;10&quot;:0,&quot;11&quot;:4,&quot;12&quot;:0}\">Gy\u00f3gyszer\u00e9sz BSc, SZTE &#8211; GYTK<\/span><\/li>\n<\/ul>\n<h4><strong>FEB-tags\u00e1g kezdete<\/strong><\/h4>\n<p><span data-sheets-value=\"{&quot;1&quot;:3,&quot;3&quot;:2022}\" data-sheets-userformat=\"{&quot;2&quot;:897,&quot;3&quot;:{&quot;1&quot;:0},&quot;10&quot;:0,&quot;11&quot;:4,&quot;12&quot;:0}\">2024.<\/span><\/p>\n<h4><strong>Mi vonzott ide?<\/strong><\/h4>\n<p><span data-sheets-root=\"1\">Gimiben v\u00e9gz\u0151sk\u00e9nt kezdtem el l\u00e1togatni a szakmai napokat, ut\u00e1na r\u00e9szt vettem a FEB-t\u00e1borban, ami hatalmas \u00e9lm\u00e9ny volt. \u00cdgy d\u00f6nt\u00f6ttem \u00fagy, hogy csatlakozom.<\/span><\/p>\n<h4><strong>Hobbik<\/strong><\/h4>\n<p><span data-sheets-root=\"1\">Tagja vagyok az ESN Szegednek, ahol k\u00fclf\u00f6ldi hallgat\u00f3kat mentor\u00e1lok. Szeretem emellett m\u00e9g a n\u00e9pt\u00e1ncot is.<\/span><\/p>\t\t\t\t\t\t\t\t<\/div>\n\t\t\t\t<\/div>\n\t\t\t\t<\/div>\n\t\t\t\t\t<\/div>\n\t\t\t\t<\/div>\n\t\t\t\t<\/div>\n\t\t","protected":false},"excerpt":{"rendered":"<p>Oroszi M\u00e1t\u00e9 Zal\u00e1n Tanulm\u00e1nyok Gy\u00f3gyszer\u00e9sz BSc, SZTE &#8211; GYTK FEB-tags\u00e1g kezdete 2024. Mi vonzott ide? Gimiben v\u00e9gz\u0151sk\u00e9nt kezdtem el l\u00e1togatni a szakmai napokat, ut\u00e1na r\u00e9szt vettem a FEB-t\u00e1borban, ami hatalmas \u00e9lm\u00e9ny volt. \u00cdgy d\u00f6nt\u00f6ttem \u00fagy, hogy csatlakozom. Hobbik Tagja vagyok az ESN Szegednek, ahol k\u00fclf\u00f6ldi hallgat\u00f3kat mentor\u00e1lok. Szeretem emellett m\u00e9g a n\u00e9pt\u00e1ncot is.<\/p>\n","protected":false},"author":2,"featured_media":0,"parent":819,"menu_order":0,"comment_status":"closed","ping_status":"closed","template":"","meta":{"_eb_attr":"","footnotes":""},"class_list":["post-1880","page","type-page","status-publish"],"featured_image_src":null,"featured_image_src_square":null,"jetpack_sharing_enabled":true,"_links":{"self":[{"href":"https:\/\/feb.ch.bme.hu\/index.php\/wp-json\/wp\/v2\/pages\/1880","targetHints":{"allow":["GET"]}}],"collection":[{"href":"https:\/\/feb.ch.bme.hu\/index.php\/wp-json\/wp\/v2\/pages"}],"about":[{"href":"https:\/\/feb.ch.bme.hu\/index.php\/wp-json\/wp\/v2\/types\/page"}],"author":[{"embeddable":true,"href":"https:\/\/feb.ch.bme.hu\/index.php\/wp-json\/wp\/v2\/users\/2"}],"replies":[{"embeddable":true,"href":"https:\/\/feb.ch.bme.hu\/index.php\/wp-json\/wp\/v2\/comments?post=1880"}],"version-history":[{"count":7,"href":"https:\/\/feb.ch.bme.hu\/index.php\/wp-json\/wp\/v2\/pages\/1880\/revisions"}],"predecessor-version":[{"id":4007,"href":"https:\/\/feb.ch.bme.hu\/index.php\/wp-json\/wp\/v2\/pages\/1880\/revisions\/4007"}],"up":[{"embeddable":true,"href":"https:\/\/feb.ch.bme.hu\/index.php\/wp-json\/wp\/v2\/pages\/819"}],"wp:attachment":[{"href":"https:\/\/feb.ch.bme.hu\/index.php\/wp-json\/wp\/v2\/media?parent=1880"}],"curies":[{"name":"wp","href":"https:\/\/api.w.org\/{rel}","templated":true}]}}