{"id":2448,"date":"2025-07-16T20:45:30","date_gmt":"2025-07-16T18:45:30","guid":{"rendered":"https:\/\/feb.ch.bme.hu\/?page_id=2448"},"modified":"2026-03-22T20:51:09","modified_gmt":"2026-03-22T18:51:09","slug":"tamogatas","status":"publish","type":"page","link":"https:\/\/feb.ch.bme.hu\/index.php\/tamogatas\/","title":{"rendered":"T\u00e1mogat\u00e1s"},"content":{"rendered":"\t\t<div data-elementor-type=\"wp-page\" data-elementor-id=\"2448\" class=\"elementor elementor-2448\">\n\t\t\t\t<div class=\"elementor-element elementor-element-ac3273f e-flex e-con-boxed e-con e-parent\" data-id=\"ac3273f\" data-element_type=\"container\" data-e-type=\"container\" data-settings=\"{&quot;background_background&quot;:&quot;classic&quot;}\">\n\t\t\t\t\t<div class=\"e-con-inner\">\n\t\t\t\t<div class=\"elementor-element elementor-element-3d0c87d elementor-widget elementor-widget-heading\" data-id=\"3d0c87d\" data-element_type=\"widget\" data-e-type=\"widget\" data-widget_type=\"heading.default\">\n\t\t\t\t<div class=\"elementor-widget-container\">\n\t\t\t\t\t<h2 class=\"elementor-heading-title elementor-size-default\">Mi\u00e9rt \u00e9rdemes a VeBio Tehets\u00e9g Csoportot t\u00e1mogatni?<\/h2>\t\t\t\t<\/div>\n\t\t\t\t<\/div>\n\t\t\t\t<div class=\"elementor-element elementor-element-7ad25b4 elementor-widget elementor-widget-text-editor\" data-id=\"7ad25b4\" data-element_type=\"widget\" data-e-type=\"widget\" data-widget_type=\"text-editor.default\">\n\t\t\t\t<div class=\"elementor-widget-container\">\n\t\t\t\t\t\t\t\t\t<p data-start=\"58\" data-end=\"457\"><strong data-start=\"119\" data-end=\"168\">PR lehet\u0151s\u00e9g \u00e9s t\u00e1rsadalmi felel\u0151ss\u00e9gv\u00e1llal\u00e1s<\/strong><br data-start=\"168\" data-end=\"171\" \/>A VeBio Tehets\u00e9g Csoport t\u00e1mogat\u00e1sa kiv\u00e1l\u00f3 lehet\u0151s\u00e9get k\u00edn\u00e1l minden v\u00e1llalat sz\u00e1m\u00e1ra, hogy felel\u0151ss\u00e9gteljesen t\u00e1mogassa a tehets\u00e9ggondoz\u00e1st \u00e9s az es\u00e9lyteremt\u00e9st a k\u00f6z\u00e9piskol\u00e1s di\u00e1kok sz\u00e1m\u00e1ra. (A t\u00e1mogat\u00e1sokat a VeBio Tehets\u00e9g Egyes\u00fclet tudja fogadni.)<\/p>\t\t\t\t\t\t\t\t<\/div>\n\t\t\t\t<\/div>\n\t\t\t\t\t<\/div>\n\t\t\t\t<\/div>\n\t\t<div class=\"elementor-element elementor-element-e9ba77f e-flex e-con-boxed e-con e-parent\" data-id=\"e9ba77f\" data-element_type=\"container\" data-e-type=\"container\">\n\t\t\t\t\t<div class=\"e-con-inner\">\n\t\t\t\t<div class=\"elementor-element elementor-element-36e50e7 elementor-widget elementor-widget-spacer\" data-id=\"36e50e7\" data-element_type=\"widget\" data-e-type=\"widget\" data-widget_type=\"spacer.default\">\n\t\t\t\t<div class=\"elementor-widget-container\">\n\t\t\t\t\t\t\t<div class=\"elementor-spacer\">\n\t\t\t<div class=\"elementor-spacer-inner\"><\/div>\n\t\t<\/div>\n\t\t\t\t\t\t<\/div>\n\t\t\t\t<\/div>\n\t\t\t\t\t<\/div>\n\t\t\t\t<\/div>\n\t\t<div class=\"elementor-element elementor-element-b1374a6 e-flex e-con-boxed e-con e-parent\" data-id=\"b1374a6\" data-element_type=\"container\" data-e-type=\"container\">\n\t\t\t\t\t<div class=\"e-con-inner\">\n\t\t<div class=\"elementor-element elementor-element-b9fdd8f e-con-full e-flex e-con e-child\" data-id=\"b9fdd8f\" data-element_type=\"container\" data-e-type=\"container\">\n\t\t\t\t<div class=\"elementor-element elementor-element-d9a00ac elementor-widget elementor-widget-image\" data-id=\"d9a00ac\" data-element_type=\"widget\" data-e-type=\"widget\" data-widget_type=\"image.default\">\n\t\t\t\t<div class=\"elementor-widget-container\">\n\t\t\t\t\t\t\t\t\t\t\t\t\t\t\t<img fetchpriority=\"high\" decoding=\"async\" width=\"800\" height=\"656\" src=\"https:\/\/feb.ch.bme.hu\/wp-content\/uploads\/2025\/07\/Mosolygos-kopenyes-lanyok.png\" class=\"attachment-large size-large wp-image-2566\" alt=\"\" \/>\t\t\t\t\t\t\t\t\t\t\t\t\t\t\t<\/div>\n\t\t\t\t<\/div>\n\t\t\t\t<\/div>\n\t\t<div class=\"elementor-element elementor-element-ba224b6 e-con-full e-flex e-con e-child\" data-id=\"ba224b6\" data-element_type=\"container\" data-e-type=\"container\">\n\t\t<div class=\"elementor-element elementor-element-a5cd354 e-con-full e-flex e-con e-child\" data-id=\"a5cd354\" data-element_type=\"container\" data-e-type=\"container\">\n\t\t\t\t<div class=\"elementor-element elementor-element-714394a elementor-widget elementor-widget-heading\" data-id=\"714394a\" data-element_type=\"widget\" data-e-type=\"widget\" data-widget_type=\"heading.default\">\n\t\t\t\t<div class=\"elementor-widget-container\">\n\t\t\t\t\t<h2 class=\"elementor-heading-title elementor-size-default\">Anyagi t\u00e1mogat\u00e1s<\/h2>\t\t\t\t<\/div>\n\t\t\t\t<\/div>\n\t\t\t\t<\/div>\n\t\t\t\t<div class=\"elementor-element elementor-element-5f5d6307 elementor-widget elementor-widget-text-editor\" data-id=\"5f5d6307\" data-element_type=\"widget\" data-e-type=\"widget\" data-widget_type=\"text-editor.default\">\n\t\t\t\t<div class=\"elementor-widget-container\">\n\t\t\t\t\t\t\t\t\t<p data-start=\"0\" data-end=\"336\">V\u00e1llalatok sz\u00e1m\u00e1ra lehet\u0151s\u00e9get biztos\u00edtunk arra, hogy anyagi t\u00e1mogat\u00e1sukkal hozz\u00e1j\u00e1ruljanak a t\u00e1boraink, programjaink \u00e9s rendezv\u00e9nyeink megval\u00f3s\u00edt\u00e1s\u00e1hoz, valamint a m\u0171k\u00f6d\u00e9s\u00fcnkh\u00f6z sz\u00fcks\u00e9ges k\u00f6lts\u00e9gek fedez\u00e9s\u00e9hez. A t\u00e1mogat\u00e1s m\u00e9rt\u00e9ke szabadon v\u00e1laszthat\u00f3 \u00e9s az al\u00e1bbi banksz\u00e1mlasz\u00e1mra fizethet\u0151 be:<\/p><p data-start=\"338\" data-end=\"374\" data-is-last-node=\"\" data-is-only-node=\"\"><strong><span style=\"word-spacing: normal;\">Sz\u00e1mlasz\u00e1m:\u00a0<\/span><\/strong><\/p><p>VeBio Tehets\u00e9g Egyes\u00fclet\u00a0<br \/>11600006-00000000-78481002<\/p>\t\t\t\t\t\t\t\t<\/div>\n\t\t\t\t<\/div>\n\t\t\t\t<\/div>\n\t\t\t\t\t<\/div>\n\t\t\t\t<\/div>\n\t\t<div class=\"elementor-element elementor-element-4ae30f3 e-flex e-con-boxed e-con e-parent\" data-id=\"4ae30f3\" data-element_type=\"container\" data-e-type=\"container\">\n\t\t\t\t\t<div class=\"e-con-inner\">\n\t\t<div class=\"elementor-element elementor-element-5d628d6 e-con-full e-flex e-con e-child\" data-id=\"5d628d6\" data-element_type=\"container\" data-e-type=\"container\">\n\t\t\t\t<div class=\"elementor-element elementor-element-2f90287 elementor-widget elementor-widget-image\" data-id=\"2f90287\" data-element_type=\"widget\" data-e-type=\"widget\" data-widget_type=\"image.default\">\n\t\t\t\t<div class=\"elementor-widget-container\">\n\t\t\t\t\t\t\t\t\t\t\t\t\t\t\t<img decoding=\"async\" width=\"447\" height=\"742\" src=\"https:\/\/feb.ch.bme.hu\/wp-content\/uploads\/2025\/07\/Kemcso-nezegeto-lany.png\" class=\"attachment-large size-large wp-image-2712\" alt=\"\" \/>\t\t\t\t\t\t\t\t\t\t\t\t\t\t\t<\/div>\n\t\t\t\t<\/div>\n\t\t\t\t<\/div>\n\t\t<div class=\"elementor-element elementor-element-087c18f e-con-full e-flex e-con e-child\" data-id=\"087c18f\" data-element_type=\"container\" data-e-type=\"container\">\n\t\t<div class=\"elementor-element elementor-element-8413594 e-con-full e-flex e-con e-child\" data-id=\"8413594\" data-element_type=\"container\" data-e-type=\"container\">\n\t\t\t\t<div class=\"elementor-element elementor-element-1045bb3 elementor-widget elementor-widget-heading\" data-id=\"1045bb3\" data-element_type=\"widget\" data-e-type=\"widget\" data-widget_type=\"heading.default\">\n\t\t\t\t<div class=\"elementor-widget-container\">\n\t\t\t\t\t<h2 class=\"elementor-heading-title elementor-size-default\">Term\u00e9k t\u00e1mogat\u00e1s<\/h2>\t\t\t\t<\/div>\n\t\t\t\t<\/div>\n\t\t\t\t<\/div>\n\t\t\t\t<div class=\"elementor-element elementor-element-47020da elementor-widget elementor-widget-text-editor\" data-id=\"47020da\" data-element_type=\"widget\" data-e-type=\"widget\" data-widget_type=\"text-editor.default\">\n\t\t\t\t<div class=\"elementor-widget-container\">\n\t\t\t\t\t\t\t\t\t<p data-start=\"58\" data-end=\"457\">Az anyagi t\u00e1mogat\u00e1s mellett nagy \u00f6r\u00f6mmel fogadunk term\u00e9kt\u00e1mogat\u00e1sokat is. T\u00e1borainkban, nyilv\u00e1nos programjainkon \u00e9s rendezv\u00e9nyeinken rendszeresen d\u00edjazzuk a r\u00e9sztvev\u0151ket \u2013 legyen sz\u00f3 a legsikeresebb versenyz\u0151kr\u0151l, a legjobb sportteljes\u00edtm\u00e9nyt ny\u00fajt\u00f3kr\u00f3l, vagy a legkiemelked\u0151bben teljes\u00edt\u0151 di\u00e1kokr\u00f3l a pr\u00f3ba\u00e9retts\u00e9giken. Ezekhez a jutalmakhoz partnereink felaj\u00e1nl\u00e1sai hatalmas seg\u00edts\u00e9get jelentenek.<\/p><p data-start=\"58\" data-end=\"457\"><b>Kapcsolattart\u00f3:<\/b><\/p><p data-start=\"58\" data-end=\"457\">Boha D\u00e1niel<br \/>bmevebio@gmail.com<\/p><p data-start=\"58\" data-end=\"457\">\u00a0<\/p>\t\t\t\t\t\t\t\t<\/div>\n\t\t\t\t<\/div>\n\t\t\t\t<\/div>\n\t\t\t\t\t<\/div>\n\t\t\t\t<\/div>\n\t\t<div class=\"elementor-element elementor-element-e288de5 e-flex e-con-boxed e-con e-parent\" data-id=\"e288de5\" data-element_type=\"container\" data-e-type=\"container\">\n\t\t\t\t\t<div class=\"e-con-inner\">\n\t\t\t\t<div class=\"elementor-element elementor-element-1576be7 elementor-widget elementor-widget-spacer\" data-id=\"1576be7\" data-element_type=\"widget\" data-e-type=\"widget\" data-widget_type=\"spacer.default\">\n\t\t\t\t<div class=\"elementor-widget-container\">\n\t\t\t\t\t\t\t<div class=\"elementor-spacer\">\n\t\t\t<div class=\"elementor-spacer-inner\"><\/div>\n\t\t<\/div>\n\t\t\t\t\t\t<\/div>\n\t\t\t\t<\/div>\n\t\t\t\t\t<\/div>\n\t\t\t\t<\/div>\n\t\t<div class=\"elementor-element elementor-element-0542abb e-flex e-con-boxed e-con e-parent\" data-id=\"0542abb\" data-element_type=\"container\" data-e-type=\"container\" data-settings=\"{&quot;background_background&quot;:&quot;classic&quot;}\">\n\t\t\t\t\t<div class=\"e-con-inner\">\n\t\t\t\t<div class=\"elementor-element elementor-element-9b34715 elementor-widget elementor-widget-heading\" data-id=\"9b34715\" data-element_type=\"widget\" data-e-type=\"widget\" data-widget_type=\"heading.default\">\n\t\t\t\t<div class=\"elementor-widget-container\">\n\t\t\t\t\t<h2 class=\"elementor-heading-title elementor-size-default\">Megjelen\u00e9si lehet\u0151s\u00e9gek partnereink sz\u00e1m\u00e1ra<\/h2>\t\t\t\t<\/div>\n\t\t\t\t<\/div>\n\t\t\t\t<div class=\"elementor-element elementor-element-7455e0f elementor-widget elementor-widget-text-editor\" data-id=\"7455e0f\" data-element_type=\"widget\" data-e-type=\"widget\" data-widget_type=\"text-editor.default\">\n\t\t\t\t<div class=\"elementor-widget-container\">\n\t\t\t\t\t\t\t\t\t<p data-start=\"392\" data-end=\"546\">V\u00e1llalati partnereinknek a t\u00e1mogat\u00e1s \u00f6sszeg\u00e9t\u0151l f\u00fcgg\u0151en az al\u00e1bbi megjelen\u00e9si lehet\u0151s\u00e9geket biztos\u00edtjuk:<\/p><ul><li data-start=\"581\" data-end=\"608\">megjelen\u00e9s a honlapunkon,<\/li><li data-start=\"611\" data-end=\"664\">megjelen\u00e9s a Facebook \u00e9s\/vagy Instagram oldalunkon,<\/li><li data-start=\"795\" data-end=\"868\">sz\u00f3r\u00f3anyagok eljuttat\u00e1sa a t\u00e1boraink \u00e9s szakmai napjaink r\u00e9sztvev\u0151ihez,<\/li><li data-start=\"871\" data-end=\"936\">standol\u00e1si lehet\u0151s\u00e9g a szakmai napjainkon \u00e9s ny\u00e1ri t\u00e1borunkban,<\/li><li data-start=\"939\" data-end=\"987\">f\u0151t\u00e1mogat\u00f3i megjelen\u00e9s kiemelt rendezv\u00e9nyeinken.<\/li><\/ul>\t\t\t\t\t\t\t\t<\/div>\n\t\t\t\t<\/div>\n\t\t\t\t\t<\/div>\n\t\t\t\t<\/div>\n\t\t\t\t<\/div>\n\t\t","protected":false},"excerpt":{"rendered":"<p>Mi\u00e9rt \u00e9rdemes a VeBio Tehets\u00e9g Csoportot t\u00e1mogatni? PR lehet\u0151s\u00e9g \u00e9s t\u00e1rsadalmi felel\u0151ss\u00e9gv\u00e1llal\u00e1sA VeBio Tehets\u00e9g Csoport t\u00e1mogat\u00e1sa kiv\u00e1l\u00f3 lehet\u0151s\u00e9get k\u00edn\u00e1l minden v\u00e1llalat sz\u00e1m\u00e1ra, hogy felel\u0151ss\u00e9gteljesen t\u00e1mogassa a tehets\u00e9ggondoz\u00e1st \u00e9s az es\u00e9lyteremt\u00e9st a k\u00f6z\u00e9piskol\u00e1s di\u00e1kok sz\u00e1m\u00e1ra. (A t\u00e1mogat\u00e1sokat a VeBio Tehets\u00e9g Egyes\u00fclet tudja fogadni.) Anyagi t\u00e1mogat\u00e1s V\u00e1llalatok sz\u00e1m\u00e1ra lehet\u0151s\u00e9get biztos\u00edtunk arra, hogy anyagi t\u00e1mogat\u00e1sukkal hozz\u00e1j\u00e1ruljanak a t\u00e1boraink, programjaink \u00e9s rendezv\u00e9nyeink megval\u00f3s\u00edt\u00e1s\u00e1hoz, valamint a m\u0171k\u00f6d\u00e9s\u00fcnkh\u00f6z sz\u00fcks\u00e9ges k\u00f6lts\u00e9gek fedez\u00e9s\u00e9hez. A t\u00e1mogat\u00e1s m\u00e9rt\u00e9ke szabadon v\u00e1laszthat\u00f3 \u00e9s az al\u00e1bbi banksz\u00e1mlasz\u00e1mra fizethet\u0151 be: Sz\u00e1mlasz\u00e1m:\u00a0 VeBio Tehets\u00e9g Egyes\u00fclet\u00a011600006-00000000-78481002 Term\u00e9k t\u00e1mogat\u00e1s Az anyagi t\u00e1mogat\u00e1s mellett nagy \u00f6r\u00f6mmel fogadunk term\u00e9kt\u00e1mogat\u00e1sokat is. T\u00e1borainkban, nyilv\u00e1nos programjainkon \u00e9s rendezv\u00e9nyeinken rendszeresen d\u00edjazzuk a r\u00e9sztvev\u0151ket \u2013 legyen sz\u00f3 a legsikeresebb versenyz\u0151kr\u0151l, a legjobb sportteljes\u00edtm\u00e9nyt ny\u00fajt\u00f3kr\u00f3l, vagy a legkiemelked\u0151bben teljes\u00edt\u0151 di\u00e1kokr\u00f3l a pr\u00f3ba\u00e9retts\u00e9giken. Ezekhez a jutalmakhoz partnereink felaj\u00e1nl\u00e1sai hatalmas seg\u00edts\u00e9get jelentenek. Kapcsolattart\u00f3: Boha D\u00e1nielbmevebio@gmail.com \u00a0 Megjelen\u00e9si lehet\u0151s\u00e9gek partnereink sz\u00e1m\u00e1ra V\u00e1llalati partnereinknek a t\u00e1mogat\u00e1s \u00f6sszeg\u00e9t\u0151l f\u00fcgg\u0151en az al\u00e1bbi megjelen\u00e9si lehet\u0151s\u00e9geket biztos\u00edtjuk: megjelen\u00e9s a honlapunkon, megjelen\u00e9s a Facebook&hellip;<\/p>\n<p> <a class=\"more-link\" href=\"https:\/\/feb.ch.bme.hu\/index.php\/tamogatas\/\">B\u0151vebben<\/a><\/p>\n","protected":false},"author":4,"featured_media":3668,"parent":0,"menu_order":0,"comment_status":"closed","ping_status":"closed","template":"","meta":{"_eb_attr":"","footnotes":""},"class_list":["post-2448","page","type-page","status-publish","has-post-thumbnail"],"featured_image_src":"https:\/\/feb.ch.bme.hu\/wp-content\/uploads\/2025\/08\/20250722113601.jpg","featured_image_src_square":"https:\/\/feb.ch.bme.hu\/wp-content\/uploads\/2025\/08\/20250722113601.jpg","jetpack_sharing_enabled":true,"_links":{"self":[{"href":"https:\/\/feb.ch.bme.hu\/index.php\/wp-json\/wp\/v2\/pages\/2448","targetHints":{"allow":["GET"]}}],"collection":[{"href":"https:\/\/feb.ch.bme.hu\/index.php\/wp-json\/wp\/v2\/pages"}],"about":[{"href":"https:\/\/feb.ch.bme.hu\/index.php\/wp-json\/wp\/v2\/types\/page"}],"author":[{"embeddable":true,"href":"https:\/\/feb.ch.bme.hu\/index.php\/wp-json\/wp\/v2\/users\/4"}],"replies":[{"embeddable":true,"href":"https:\/\/feb.ch.bme.hu\/index.php\/wp-json\/wp\/v2\/comments?post=2448"}],"version-history":[{"count":32,"href":"https:\/\/feb.ch.bme.hu\/index.php\/wp-json\/wp\/v2\/pages\/2448\/revisions"}],"predecessor-version":[{"id":5473,"href":"https:\/\/feb.ch.bme.hu\/index.php\/wp-json\/wp\/v2\/pages\/2448\/revisions\/5473"}],"wp:featuredmedia":[{"embeddable":true,"href":"https:\/\/feb.ch.bme.hu\/index.php\/wp-json\/wp\/v2\/media\/3668"}],"wp:attachment":[{"href":"https:\/\/feb.ch.bme.hu\/index.php\/wp-json\/wp\/v2\/media?parent=2448"}],"curies":[{"name":"wp","href":"https:\/\/api.w.org\/{rel}","templated":true}]}}