{"id":274,"date":"2019-07-24T17:23:55","date_gmt":"2019-07-24T15:23:55","guid":{"rendered":"https:\/\/feb.ch.bme.hu\/?page_id=274"},"modified":"2025-08-07T19:15:05","modified_gmt":"2025-08-07T17:15:05","slug":"mikent-tanitunk","status":"publish","type":"page","link":"https:\/\/feb.ch.bme.hu\/index.php\/bemutatkozas\/mikent-tanitunk\/","title":{"rendered":"Hogyan tan\u00edtunk?"},"content":{"rendered":"\t\t<div data-elementor-type=\"wp-page\" data-elementor-id=\"274\" class=\"elementor elementor-274\">\n\t\t\t\t<div class=\"elementor-element elementor-element-0a0f623 e-flex e-con-boxed e-con e-parent\" data-id=\"0a0f623\" data-element_type=\"container\" data-e-type=\"container\">\n\t\t\t\t\t<div class=\"e-con-inner\">\n\t\t\t\t<div class=\"elementor-element elementor-element-5b7eed1 elementor-widget elementor-widget-heading\" data-id=\"5b7eed1\" data-element_type=\"widget\" data-e-type=\"widget\" data-widget_type=\"heading.default\">\n\t\t\t\t<div class=\"elementor-widget-container\">\n\t\t\t\t\t<h2 class=\"elementor-heading-title elementor-size-default\">A m\u00f3dszertanunk<\/h2>\t\t\t\t<\/div>\n\t\t\t\t<\/div>\n\t\t\t\t\t<\/div>\n\t\t\t\t<\/div>\n\t\t<div class=\"elementor-element elementor-element-0664354 e-flex e-con-boxed e-con e-parent\" data-id=\"0664354\" data-element_type=\"container\" data-e-type=\"container\">\n\t\t\t\t\t<div class=\"e-con-inner\">\n\t\t\t\t<div class=\"elementor-element elementor-element-6919d9a elementor-widget elementor-widget-image\" data-id=\"6919d9a\" data-element_type=\"widget\" data-e-type=\"widget\" data-widget_type=\"image.default\">\n\t\t\t\t<div class=\"elementor-widget-container\">\n\t\t\t\t\t\t\t\t\t\t\t\t\t\t\t<img fetchpriority=\"high\" decoding=\"async\" width=\"800\" height=\"533\" src=\"https:\/\/feb.ch.bme.hu\/wp-content\/uploads\/2025\/07\/P1010057.jpg\" class=\"attachment-large size-large wp-image-3005\" alt=\"\" \/>\t\t\t\t\t\t\t\t\t\t\t\t\t\t\t<\/div>\n\t\t\t\t<\/div>\n\t\t<div class=\"elementor-element elementor-element-1cb6598 e-grid e-con-full e-con e-child\" data-id=\"1cb6598\" data-element_type=\"container\" data-e-type=\"container\">\n\t\t\t\t<div class=\"elementor-element elementor-element-d459775 elementor-widget elementor-widget-text-editor\" data-id=\"d459775\" data-element_type=\"widget\" data-e-type=\"widget\" data-widget_type=\"text-editor.default\">\n\t\t\t\t<div class=\"elementor-widget-container\">\n\t\t\t\t\t\t\t\t\t<p data-start=\"126\" data-end=\"369\">A VeBio oktat\u00e1si szeml\u00e9lete k\u00f6zvetlen, gyakorlatias, \u00e9s a tanul\u00e1st \u00e9lm\u00e9nny\u00e9 teszi. Az elm\u00e9leti anyagot nem csak megtan\u00edtjuk, hanem <strong>gyakorlati feladatokon \u00e9s k\u00eds\u00e9rleteken kereszt\u00fcl m\u00e9ly\u00edtj\u00fck el<\/strong>, \u00edgy k\u00f6nnyebben meg\u00e9rted \u00e9s alkalmazod a tud\u00e1st.<\/p><p data-start=\"371\" data-end=\"637\"><strong>Kiscsoportos foglalkoz\u00e1sainkon<\/strong> a tan\u00e1rokkal k\u00f6zvetlen kapcsolatot alak\u00edthatsz ki, \u00edgy egy\u00e9nileg is figyelmet kapsz, \u00e9s <strong>szem\u00e9lyre szabott<\/strong> seg\u00edts\u00e9get a probl\u00e9m\u00e1idra. A tanul\u00e1st j\u00e1t\u00e9kos feladatok, csapatmunka \u00e9s <strong>interakt\u00edv megold\u00e1sok<\/strong> teszik \u00e9lvezetess\u00e9 \u00e9s hat\u00e9konny\u00e1.<\/p>\t\t\t\t\t\t\t\t<\/div>\n\t\t\t\t<\/div>\n\t\t\t\t<div class=\"elementor-element elementor-element-b1ce939 elementor-widget elementor-widget-text-editor\" data-id=\"b1ce939\" data-element_type=\"widget\" data-e-type=\"widget\" data-widget_type=\"text-editor.default\">\n\t\t\t\t<div class=\"elementor-widget-container\">\n\t\t\t\t\t\t\t\t\t<p data-start=\"639\" data-end=\"807\">M\u00f3dszereinket pedag\u00f3giailag \u00e9s szakmailag is alaposan \u00e1tgondoltuk, hogy t\u00e1mogat\u00e1st ny\u00fajtsunk a meg\u00e9rt\u00e9sben, az <strong>\u00f6n\u00e1ll\u00f3 gondolkod\u00e1sban \u00e9s a tart\u00f3s tud\u00e1s megszerz\u00e9s\u00e9ben.<\/strong><\/p><p data-start=\"809\" data-end=\"910\">C\u00e9lunk, hogy a VeBio-n\u00e1l ne csak tanulj, hanem <strong>igaz\u00e1n meg\u00e9rtsd \u00e9s megszeresd a term\u00e9szettudom\u00e1nyokat<\/strong>.<\/p>\t\t\t\t\t\t\t\t<\/div>\n\t\t\t\t<\/div>\n\t\t\t\t<\/div>\n\t\t\t\t\t<\/div>\n\t\t\t\t<\/div>\n\t\t<div class=\"elementor-element elementor-element-16c9eb45 e-con-full e-flex e-con e-parent\" data-id=\"16c9eb45\" data-element_type=\"container\" data-e-type=\"container\">\n\t\t\t\t<div class=\"elementor-element elementor-element-e9016b8 elementor-widget elementor-widget-heading\" data-id=\"e9016b8\" data-element_type=\"widget\" data-e-type=\"widget\" data-widget_type=\"heading.default\">\n\t\t\t\t<div class=\"elementor-widget-container\">\n\t\t\t\t\t<h2 class=\"elementor-heading-title elementor-size-default\">R\u00f3lunk mondt\u00e1k:<\/h2>\t\t\t\t<\/div>\n\t\t\t\t<\/div>\n\t\t\t\t<div class=\"elementor-element elementor-element-fc4b190 elementor-widget elementor-widget-eael-image-accordion\" data-id=\"fc4b190\" data-element_type=\"widget\" data-e-type=\"widget\" data-widget_type=\"eael-image-accordion.default\">\n\t\t\t\t<div class=\"elementor-widget-container\">\n\t\t\t\t\t    <div class=\"eael-img-accordion accordion-direction-horizontal eael-img-accordion-horizontal-align-center eael-img-accordion-vertical-align-center\" id=\"eael-img-accordion-fc4b190\" data-img-accordion-id=\"fc4b190\" data-img-accordion-type=\"on-hover\">\n                    \n            <div class=\"eael-image-accordion-hover eael-image-accordion-item\" style=\"background-image: url(https:\/\/feb.ch.bme.hu\/wp-content\/uploads\/2025\/07\/Hatter-3.png);\"  tabindex=\"0\">\n                <div class=\"overlay\">\n                                        <div class=\"overlay-inner \">\n                        <h2 class=\"img-accordion-title\">T\u00e1bori di\u00e1k<\/h2>                            <p><p>&#8222;<span>J\u00f3 programok voltak, nagyon sokat siker\u00fclt tanulni \u00e9s az \u00e9retts\u00e9gire is seg\u00edtett felk\u00e9sz\u00fclni.&#8221;<\/span><\/p><\/p>\n                                            <\/div>\n                <\/div>\n            <\/div>\n                    \n            <div class=\"eael-image-accordion-hover eael-image-accordion-item\" style=\"background-image: url(https:\/\/feb.ch.bme.hu\/wp-content\/uploads\/2025\/07\/Hatter-3.png);\"  tabindex=\"0\">\n                <div class=\"overlay\">\n                                        <div class=\"overlay-inner \">\n                        <h2 class=\"img-accordion-title\">T\u00e1bori di\u00e1k<\/h2>                            <p><p>&#8222;Nagyon izgultam a t\u00e1bor el\u0151tt, de mindenki nagyon j\u00f3fej \u00e9s kedves volt. J\u00f3l \u00e9reztem magam, sokszor tudtam j\u00f3kat besz\u00e9lgetni.&#8221;<\/p><\/p>\n                                            <\/div>\n                <\/div>\n            <\/div>\n                    \n            <div class=\"eael-image-accordion-hover eael-image-accordion-item\" style=\"background-image: url(https:\/\/feb.ch.bme.hu\/wp-content\/uploads\/2025\/07\/Hatter-3.png);\"  tabindex=\"0\">\n                <div class=\"overlay\">\n                                        <div class=\"overlay-inner \">\n                        <h2 class=\"img-accordion-title\">T\u00e1bori di\u00e1k<\/h2>                            <p><p><span>&#8222;Meg\u00e9rte elj\u00f6nni, remek lehet\u0151s\u00e9g volt, k\u00e1r hogy kor\u00e1bban nem hallottam a t\u00e1borr\u00f3l. K\u00f6sz\u00f6n\u00f6m a lehet\u0151s\u00e9get \ud83d\ude00 &#8222;<\/span><\/p><\/p>\n                                            <\/div>\n                <\/div>\n            <\/div>\n                    \n            <div class=\"eael-image-accordion-hover eael-image-accordion-item\" style=\"background-image: url(https:\/\/feb.ch.bme.hu\/wp-content\/uploads\/2025\/07\/Hatter-3.png);\"  tabindex=\"0\">\n                <div class=\"overlay\">\n                                        <div class=\"overlay-inner \">\n                        <h2 class=\"img-accordion-title\">T\u00e1bori di\u00e1k<\/h2>                            <p><p>&#8222;<span>Biztosan aj\u00e1nlani fogom relev\u00e1ns ter\u00fcletekre tov\u00e1bb tanul\u00f3 ismer\u0151s\u00f6knek, mivel nem csak az egyetemre hasznos tud\u00e1st szerezt\u00fcnk, de leend\u0151 szak \u00e9s kar t\u00e1rsakkal is megismerkedt\u00fcnk.&#8221;<\/span><\/p><\/p>\n                                            <\/div>\n                <\/div>\n            <\/div>\n                    \n            <div class=\"eael-image-accordion-hover eael-image-accordion-item\" style=\"background-image: url(https:\/\/feb.ch.bme.hu\/wp-content\/uploads\/2025\/07\/Hatter-3.png);\"  tabindex=\"0\">\n                <div class=\"overlay\">\n                                        <div class=\"overlay-inner \">\n                        <h2 class=\"img-accordion-title\">T\u00e1bori di\u00e1k<\/h2>                            <p><p>&#8222;<span>Zseni\u00e1lis t\u00e1bor volt j\u00f3 szervez\u0151kkel. Mind a k\u00f6z\u00f6ss\u00e9gi, mind az oktat\u00e1si r\u00e9sze izgalmas.&#8221;<\/span><\/p><\/p>\n                                            <\/div>\n                <\/div>\n            <\/div>\n                <\/div>\n        <style typr=\"text\/css\">\n                    #eael-img-accordion-fc4b190 .eael-image-accordion-hover:hover {\n                        flex: 3 1 0\n                    }\n                    #eael-img-accordion-fc4b190 .eael-image-accordion-hover:hover:hover .overlay-inner * {\n                        opacity: 1;\n                        visibility: visible;\n                        transform: none;\n                        transition: all .3s .3s;\n                    }\n                <\/style>\t\t\t\t<\/div>\n\t\t\t\t<\/div>\n\t\t\t\t<div class=\"elementor-element elementor-element-1c52312 elementor-widget elementor-widget-spacer\" data-id=\"1c52312\" data-element_type=\"widget\" data-e-type=\"widget\" data-widget_type=\"spacer.default\">\n\t\t\t\t<div class=\"elementor-widget-container\">\n\t\t\t\t\t\t\t<div class=\"elementor-spacer\">\n\t\t\t<div class=\"elementor-spacer-inner\"><\/div>\n\t\t<\/div>\n\t\t\t\t\t\t<\/div>\n\t\t\t\t<\/div>\n\t\t\t\t<div class=\"elementor-element elementor-element-9bd457c elementor-widget elementor-widget-heading\" data-id=\"9bd457c\" data-element_type=\"widget\" data-e-type=\"widget\" data-widget_type=\"heading.default\">\n\t\t\t\t<div class=\"elementor-widget-container\">\n\t\t\t\t\t<h2 class=\"elementor-heading-title elementor-size-default\">1991 \u00f3ta \u00f6sszesen:<\/h2>\t\t\t\t<\/div>\n\t\t\t\t<\/div>\n\t\t\t\t<div class=\"elementor-element elementor-element-6420e8f elementor-widget elementor-widget-spacer\" data-id=\"6420e8f\" data-element_type=\"widget\" data-e-type=\"widget\" data-widget_type=\"spacer.default\">\n\t\t\t\t<div class=\"elementor-widget-container\">\n\t\t\t\t\t\t\t<div class=\"elementor-spacer\">\n\t\t\t<div class=\"elementor-spacer-inner\"><\/div>\n\t\t<\/div>\n\t\t\t\t\t\t<\/div>\n\t\t\t\t<\/div>\n\t\t\t\t<\/div>\n\t\t<div class=\"elementor-element elementor-element-6ea87e6 e-flex e-con-boxed e-con e-parent\" data-id=\"6ea87e6\" data-element_type=\"container\" data-e-type=\"container\">\n\t\t\t\t\t<div class=\"e-con-inner\">\n\t\t<div class=\"elementor-element elementor-element-4e6ebce e-grid e-con-full e-con e-child\" data-id=\"4e6ebce\" data-element_type=\"container\" data-e-type=\"container\">\n\t\t\t\t<div class=\"elementor-element elementor-element-bfe1224 elementor-widget elementor-widget-counter\" data-id=\"bfe1224\" data-element_type=\"widget\" data-e-type=\"widget\" data-widget_type=\"counter.default\">\n\t\t\t\t<div class=\"elementor-widget-container\">\n\t\t\t\t\t\t\t<div class=\"elementor-counter\">\n\t\t\t<div class=\"elementor-counter-title\">T\u00e1borunk volt<\/div>\t\t\t<div class=\"elementor-counter-number-wrapper\">\n\t\t\t\t<span class=\"elementor-counter-number-prefix\"><\/span>\n\t\t\t\t<span class=\"elementor-counter-number\" data-duration=\"2000\" data-to-value=\"34\" data-from-value=\"0\" data-delimiter=\",\">0<\/span>\n\t\t\t\t<span class=\"elementor-counter-number-suffix\"><\/span>\n\t\t\t<\/div>\n\t\t<\/div>\n\t\t\t\t\t\t<\/div>\n\t\t\t\t<\/div>\n\t\t\t\t<div class=\"elementor-element elementor-element-f208ea1 elementor-widget elementor-widget-counter\" data-id=\"f208ea1\" data-element_type=\"widget\" data-e-type=\"widget\" data-widget_type=\"counter.default\">\n\t\t\t\t<div class=\"elementor-widget-container\">\n\t\t\t\t\t\t\t<div class=\"elementor-counter\">\n\t\t\t<div class=\"elementor-counter-title\">Szakmai napunk volt<\/div>\t\t\t<div class=\"elementor-counter-number-wrapper\">\n\t\t\t\t<span class=\"elementor-counter-number-prefix\"><\/span>\n\t\t\t\t<span class=\"elementor-counter-number\" data-duration=\"2000\" data-to-value=\"104\" data-from-value=\"0\" data-delimiter=\",\">0<\/span>\n\t\t\t\t<span class=\"elementor-counter-number-suffix\"><\/span>\n\t\t\t<\/div>\n\t\t<\/div>\n\t\t\t\t\t\t<\/div>\n\t\t\t\t<\/div>\n\t\t\t\t<div class=\"elementor-element elementor-element-d924f77 elementor-widget elementor-widget-counter\" data-id=\"d924f77\" data-element_type=\"widget\" data-e-type=\"widget\" data-widget_type=\"counter.default\">\n\t\t\t\t<div class=\"elementor-widget-container\">\n\t\t\t\t\t\t\t<div class=\"elementor-counter\">\n\t\t\t<div class=\"elementor-counter-title\">\u00d6nk\u00e9ntessel dolgoztunk<\/div>\t\t\t<div class=\"elementor-counter-number-wrapper\">\n\t\t\t\t<span class=\"elementor-counter-number-prefix\"><\/span>\n\t\t\t\t<span class=\"elementor-counter-number\" data-duration=\"2000\" data-to-value=\"121\" data-from-value=\"0\" data-delimiter=\",\">0<\/span>\n\t\t\t\t<span class=\"elementor-counter-number-suffix\"><\/span>\n\t\t\t<\/div>\n\t\t<\/div>\n\t\t\t\t\t\t<\/div>\n\t\t\t\t<\/div>\n\t\t\t\t<\/div>\n\t\t\t\t\t<\/div>\n\t\t\t\t<\/div>\n\t\t<div class=\"elementor-element elementor-element-5bbbdc9 e-flex e-con-boxed e-con e-parent\" data-id=\"5bbbdc9\" data-element_type=\"container\" data-e-type=\"container\">\n\t\t\t\t\t<div class=\"e-con-inner\">\n\t\t\t\t<div class=\"elementor-element elementor-element-12ac4b2 elementor-widget elementor-widget-spacer\" data-id=\"12ac4b2\" data-element_type=\"widget\" data-e-type=\"widget\" data-widget_type=\"spacer.default\">\n\t\t\t\t<div class=\"elementor-widget-container\">\n\t\t\t\t\t\t\t<div class=\"elementor-spacer\">\n\t\t\t<div class=\"elementor-spacer-inner\"><\/div>\n\t\t<\/div>\n\t\t\t\t\t\t<\/div>\n\t\t\t\t<\/div>\n\t\t\t\t<div class=\"elementor-element elementor-element-6a93330 elementor-arrows-position-inside elementor-pagination-position-outside elementor-widget elementor-widget-image-carousel\" data-id=\"6a93330\" data-element_type=\"widget\" data-e-type=\"widget\" data-settings=\"{&quot;slides_to_show&quot;:&quot;1&quot;,&quot;navigation&quot;:&quot;both&quot;,&quot;autoplay&quot;:&quot;yes&quot;,&quot;pause_on_hover&quot;:&quot;yes&quot;,&quot;pause_on_interaction&quot;:&quot;yes&quot;,&quot;autoplay_speed&quot;:5000,&quot;infinite&quot;:&quot;yes&quot;,&quot;effect&quot;:&quot;slide&quot;,&quot;speed&quot;:500}\" data-widget_type=\"image-carousel.default\">\n\t\t\t\t<div class=\"elementor-widget-container\">\n\t\t\t\t\t\t\t<div class=\"elementor-image-carousel-wrapper swiper\" role=\"region\" aria-roledescription=\"carousel\" aria-label=\"K\u00e9p k\u00f6rhinta\" dir=\"ltr\">\n\t\t\t<div class=\"elementor-image-carousel swiper-wrapper\" aria-live=\"off\">\n\t\t\t\t\t\t\t\t<div class=\"swiper-slide\" role=\"group\" aria-roledescription=\"slide\" aria-label=\"1 \/ 5\"><figure class=\"swiper-slide-inner\"><img decoding=\"async\" class=\"swiper-slide-image\" src=\"https:\/\/feb.ch.bme.hu\/wp-content\/uploads\/2025\/07\/20230718_203752_dorka.jpg\" alt=\"20230718_203752_dorka\" \/><\/figure><\/div><div class=\"swiper-slide\" role=\"group\" aria-roledescription=\"slide\" aria-label=\"2 \/ 5\"><figure class=\"swiper-slide-inner\"><img decoding=\"async\" class=\"swiper-slide-image\" src=\"https:\/\/feb.ch.bme.hu\/wp-content\/uploads\/2025\/07\/20230718_192244_dorka-1.jpg\" alt=\"20230718_192244_dorka (1)\" \/><\/figure><\/div><div class=\"swiper-slide\" role=\"group\" aria-roledescription=\"slide\" aria-label=\"3 \/ 5\"><figure class=\"swiper-slide-inner\"><img decoding=\"async\" class=\"swiper-slide-image\" src=\"https:\/\/feb.ch.bme.hu\/wp-content\/uploads\/2025\/07\/P1010143-2.jpg\" alt=\"P1010143 (2)\" \/><\/figure><\/div><div class=\"swiper-slide\" role=\"group\" aria-roledescription=\"slide\" aria-label=\"4 \/ 5\"><figure class=\"swiper-slide-inner\"><img decoding=\"async\" class=\"swiper-slide-image\" src=\"https:\/\/feb.ch.bme.hu\/wp-content\/uploads\/2025\/07\/20250215153309.jpg\" alt=\"20250215153309\" \/><\/figure><\/div><div class=\"swiper-slide\" role=\"group\" aria-roledescription=\"slide\" aria-label=\"5 \/ 5\"><figure class=\"swiper-slide-inner\"><img decoding=\"async\" class=\"swiper-slide-image\" src=\"https:\/\/feb.ch.bme.hu\/wp-content\/uploads\/2025\/07\/20241019114730.jpeg\" alt=\"20241019114730\" \/><\/figure><\/div>\t\t\t<\/div>\n\t\t\t\t\t\t\t\t\t\t\t\t<div class=\"elementor-swiper-button elementor-swiper-button-prev\" role=\"button\" tabindex=\"0\">\n\t\t\t\t\t\t<i aria-hidden=\"true\" class=\"eicon-chevron-left\"><\/i>\t\t\t\t\t<\/div>\n\t\t\t\t\t<div class=\"elementor-swiper-button elementor-swiper-button-next\" role=\"button\" tabindex=\"0\">\n\t\t\t\t\t\t<i aria-hidden=\"true\" class=\"eicon-chevron-right\"><\/i>\t\t\t\t\t<\/div>\n\t\t\t\t\n\t\t\t\t\t\t\t\t\t<div class=\"swiper-pagination\"><\/div>\n\t\t\t\t\t\t\t\t\t<\/div>\n\t\t\t\t\t\t<\/div>\n\t\t\t\t<\/div>\n\t\t\t\t<div class=\"elementor-element elementor-element-8510477 elementor-shape-rounded elementor-grid-0 e-grid-align-center elementor-widget elementor-widget-social-icons\" data-id=\"8510477\" data-element_type=\"widget\" data-e-type=\"widget\" data-widget_type=\"social-icons.default\">\n\t\t\t\t<div class=\"elementor-widget-container\">\n\t\t\t\t\t\t\t<div class=\"elementor-social-icons-wrapper elementor-grid\" role=\"list\">\n\t\t\t\t\t\t\t<span class=\"elementor-grid-item\" role=\"listitem\">\n\t\t\t\t\t<a class=\"elementor-icon elementor-social-icon elementor-social-icon-facebook elementor-animation-grow-rotate elementor-repeater-item-b92125f\" href=\"https:\/\/www.facebook.com\/bmevebio\" target=\"_blank\">\n\t\t\t\t\t\t<span class=\"elementor-screen-only\">Facebook<\/span>\n\t\t\t\t\t\t<i aria-hidden=\"true\" class=\"fab fa-facebook\"><\/i>\t\t\t\t\t<\/a>\n\t\t\t\t<\/span>\n\t\t\t\t\t\t\t<span class=\"elementor-grid-item\" role=\"listitem\">\n\t\t\t\t\t<a class=\"elementor-icon elementor-social-icon elementor-social-icon-instagram elementor-animation-grow-rotate elementor-repeater-item-ba2c3b7\" href=\"https:\/\/www.instagram.com\/vebiovbk\" target=\"_blank\">\n\t\t\t\t\t\t<span class=\"elementor-screen-only\">Instagram<\/span>\n\t\t\t\t\t\t<i aria-hidden=\"true\" class=\"fab fa-instagram\"><\/i>\t\t\t\t\t<\/a>\n\t\t\t\t<\/span>\n\t\t\t\t\t<\/div>\n\t\t\t\t\t\t<\/div>\n\t\t\t\t<\/div>\n\t\t\t\t\t<\/div>\n\t\t\t\t<\/div>\n\t\t\t\t<\/div>\n\t\t","protected":false},"excerpt":{"rendered":"<p>A m\u00f3dszertanunk A VeBio oktat\u00e1si szeml\u00e9lete k\u00f6zvetlen, gyakorlatias, \u00e9s a tanul\u00e1st \u00e9lm\u00e9nny\u00e9 teszi. Az elm\u00e9leti anyagot nem csak megtan\u00edtjuk, hanem gyakorlati feladatokon \u00e9s k\u00eds\u00e9rleteken kereszt\u00fcl m\u00e9ly\u00edtj\u00fck el, \u00edgy k\u00f6nnyebben meg\u00e9rted \u00e9s alkalmazod a tud\u00e1st. Kiscsoportos foglalkoz\u00e1sainkon a tan\u00e1rokkal k\u00f6zvetlen kapcsolatot alak\u00edthatsz ki, \u00edgy egy\u00e9nileg is figyelmet kapsz, \u00e9s szem\u00e9lyre szabott seg\u00edts\u00e9get a probl\u00e9m\u00e1idra. A tanul\u00e1st j\u00e1t\u00e9kos feladatok, csapatmunka \u00e9s interakt\u00edv megold\u00e1sok teszik \u00e9lvezetess\u00e9 \u00e9s hat\u00e9konny\u00e1. M\u00f3dszereinket pedag\u00f3giailag \u00e9s szakmailag is alaposan \u00e1tgondoltuk, hogy t\u00e1mogat\u00e1st ny\u00fajtsunk a meg\u00e9rt\u00e9sben, az \u00f6n\u00e1ll\u00f3 gondolkod\u00e1sban \u00e9s a tart\u00f3s tud\u00e1s megszerz\u00e9s\u00e9ben. C\u00e9lunk, hogy a VeBio-n\u00e1l ne csak tanulj, hanem igaz\u00e1n meg\u00e9rtsd \u00e9s megszeresd a term\u00e9szettudom\u00e1nyokat. R\u00f3lunk mondt\u00e1k: T\u00e1bori di\u00e1k \u201eJ\u00f3 programok voltak, nagyon sokat siker\u00fclt tanulni \u00e9s az \u00e9retts\u00e9gire is seg\u00edtett felk\u00e9sz\u00fclni.\u201d T\u00e1bori di\u00e1k \u201eNagyon izgultam a t\u00e1bor el\u0151tt, de mindenki nagyon j\u00f3fej \u00e9s kedves volt. J\u00f3l \u00e9reztem magam, sokszor tudtam j\u00f3kat besz\u00e9lgetni.\u201d T\u00e1bori di\u00e1k \u201eMeg\u00e9rte elj\u00f6nni, remek lehet\u0151s\u00e9g volt, k\u00e1r hogy kor\u00e1bban nem hallottam a&hellip;<\/p>\n<p> <a class=\"more-link\" href=\"https:\/\/feb.ch.bme.hu\/index.php\/bemutatkozas\/mikent-tanitunk\/\">B\u0151vebben<\/a><\/p>\n","protected":false},"author":2,"featured_media":3506,"parent":28,"menu_order":0,"comment_status":"closed","ping_status":"closed","template":"","meta":{"_eb_attr":"","footnotes":""},"class_list":["post-274","page","type-page","status-publish","has-post-thumbnail"],"featured_image_src":"https:\/\/feb.ch.bme.hu\/wp-content\/uploads\/2025\/08\/20250724120509.jpg","featured_image_src_square":"https:\/\/feb.ch.bme.hu\/wp-content\/uploads\/2025\/08\/20250724120509.jpg","jetpack_sharing_enabled":true,"_links":{"self":[{"href":"https:\/\/feb.ch.bme.hu\/index.php\/wp-json\/wp\/v2\/pages\/274","targetHints":{"allow":["GET"]}}],"collection":[{"href":"https:\/\/feb.ch.bme.hu\/index.php\/wp-json\/wp\/v2\/pages"}],"about":[{"href":"https:\/\/feb.ch.bme.hu\/index.php\/wp-json\/wp\/v2\/types\/page"}],"author":[{"embeddable":true,"href":"https:\/\/feb.ch.bme.hu\/index.php\/wp-json\/wp\/v2\/users\/2"}],"replies":[{"embeddable":true,"href":"https:\/\/feb.ch.bme.hu\/index.php\/wp-json\/wp\/v2\/comments?post=274"}],"version-history":[{"count":60,"href":"https:\/\/feb.ch.bme.hu\/index.php\/wp-json\/wp\/v2\/pages\/274\/revisions"}],"predecessor-version":[{"id":3627,"href":"https:\/\/feb.ch.bme.hu\/index.php\/wp-json\/wp\/v2\/pages\/274\/revisions\/3627"}],"up":[{"embeddable":true,"href":"https:\/\/feb.ch.bme.hu\/index.php\/wp-json\/wp\/v2\/pages\/28"}],"wp:featuredmedia":[{"embeddable":true,"href":"https:\/\/feb.ch.bme.hu\/index.php\/wp-json\/wp\/v2\/media\/3506"}],"wp:attachment":[{"href":"https:\/\/feb.ch.bme.hu\/index.php\/wp-json\/wp\/v2\/media?parent=274"}],"curies":[{"name":"wp","href":"https:\/\/api.w.org\/{rel}","templated":true}]}}