{"id":318,"date":"2019-07-24T18:26:20","date_gmt":"2019-07-24T16:26:20","guid":{"rendered":"https:\/\/feb.ch.bme.hu\/?page_id=318"},"modified":"2025-08-07T19:34:29","modified_gmt":"2025-08-07T17:34:29","slug":"peldatar-letoltese","status":"publish","type":"page","link":"https:\/\/feb.ch.bme.hu\/index.php\/peldatar-letoltese\/","title":{"rendered":"P\u00e9ldat\u00e1rak"},"content":{"rendered":"\t\t<div data-elementor-type=\"wp-page\" data-elementor-id=\"318\" class=\"elementor elementor-318\">\n\t\t\t\t<div class=\"elementor-element elementor-element-a35a59e e-flex e-con-boxed e-con e-parent\" data-id=\"a35a59e\" data-element_type=\"container\" data-e-type=\"container\">\n\t\t\t\t\t<div class=\"e-con-inner\">\n\t\t\t\t<div class=\"elementor-element elementor-element-ffe960e elementor-widget elementor-widget-heading\" data-id=\"ffe960e\" data-element_type=\"widget\" data-e-type=\"widget\" data-widget_type=\"heading.default\">\n\t\t\t\t<div class=\"elementor-widget-container\">\n\t\t\t\t\t<h2 class=\"elementor-heading-title elementor-size-default\">P\u00e9ldat\u00e1raink<\/h2>\t\t\t\t<\/div>\n\t\t\t\t<\/div>\n\t\t\t\t<div class=\"elementor-element elementor-element-0a75c84 elementor-position-inline-start elementor-mobile-position-inline-start elementor-view-default elementor-widget elementor-widget-icon-box\" data-id=\"0a75c84\" data-element_type=\"widget\" data-e-type=\"widget\" data-widget_type=\"icon-box.default\">\n\t\t\t\t<div class=\"elementor-widget-container\">\n\t\t\t\t\t\t\t<div class=\"elementor-icon-box-wrapper\">\n\n\t\t\t\t\t\t<div class=\"elementor-icon-box-icon\">\n\t\t\t\t<span  class=\"elementor-icon\">\n\t\t\t\t<i aria-hidden=\"true\" class=\"fas fa-book\"><\/i>\t\t\t\t<\/span>\n\t\t\t<\/div>\n\t\t\t\n\t\t\t\t\t\t<div class=\"elementor-icon-box-content\">\n\n\t\t\t\t\n\t\t\t\t\t\t\t\t\t<p class=\"elementor-icon-box-description\">\n\t\t\t\t\t\tA VeBio p\u00e9ldat\u00e1ra olyan ingyenesen el\u00e9rhet\u0151 seg\u00e9danyagokat tartalmaz, amelyek seg\u00edtenek a k\u00f6z\u00e9p- \u00e9s emelt szint\u0171 \u00e9retts\u00e9gire val\u00f3 felk\u00e9sz\u00fcl\u00e9sben.\n\nOldalunkon r\u00f6vid, k\u00f6nnyen \u00e1ttekinthet\u0151 <b> elm\u00e9leti \u00f6sszefoglal\u00f3k <\/b> \u00e9s hozz\u00e1juk kapcsol\u00f3d\u00f3 <b> gyakorlati feladatok <\/b> tal\u00e1lhat\u00f3k, amelyek t\u00e1mogatj\u00e1k a meg\u00e9rt\u00e9st \u00e9s a rendszerez\u00e9st.\t\t\t\t\t<\/p>\n\t\t\t\t\n\t\t\t<\/div>\n\t\t\t\n\t\t<\/div>\n\t\t\t\t\t\t<\/div>\n\t\t\t\t<\/div>\n\t\t\t\t<div class=\"elementor-element elementor-element-d3b3376 elementor-widget elementor-widget-image\" data-id=\"d3b3376\" data-element_type=\"widget\" data-e-type=\"widget\" data-widget_type=\"image.default\">\n\t\t\t\t<div class=\"elementor-widget-container\">\n\t\t\t\t\t\t\t\t\t\t\t\t\t\t\t<img fetchpriority=\"high\" decoding=\"async\" width=\"800\" height=\"507\" src=\"https:\/\/feb.ch.bme.hu\/wp-content\/uploads\/2025\/07\/Remeny-es-ketsegbeesettseg.png\" class=\"attachment-large size-large wp-image-2640\" alt=\"\" \/>\t\t\t\t\t\t\t\t\t\t\t\t\t\t\t<\/div>\n\t\t\t\t<\/div>\n\t\t\t\t<div class=\"elementor-element elementor-element-8aa7894 elementor-widget elementor-widget-spacer\" data-id=\"8aa7894\" data-element_type=\"widget\" data-e-type=\"widget\" data-widget_type=\"spacer.default\">\n\t\t\t\t<div class=\"elementor-widget-container\">\n\t\t\t\t\t\t\t<div class=\"elementor-spacer\">\n\t\t\t<div class=\"elementor-spacer-inner\"><\/div>\n\t\t<\/div>\n\t\t\t\t\t\t<\/div>\n\t\t\t\t<\/div>\n\t\t\t\t\t<\/div>\n\t\t\t\t<\/div>\n\t\t<div class=\"elementor-element elementor-element-9645b1a e-flex e-con-boxed e-con e-parent\" data-id=\"9645b1a\" data-element_type=\"container\" data-e-type=\"container\" data-settings=\"{&quot;background_background&quot;:&quot;classic&quot;}\">\n\t\t\t\t\t<div class=\"e-con-inner\">\n\t\t\t\t<div class=\"elementor-element elementor-element-62df93c elementor-widget elementor-widget-text-editor\" data-id=\"62df93c\" data-element_type=\"widget\" data-e-type=\"widget\" data-widget_type=\"text-editor.default\">\n\t\t\t\t<div class=\"elementor-widget-container\">\n\t\t\t\t\t\t\t\t\t<p>Az oldalunkon tal\u00e1lhat\u00f3 p\u00e9ldat\u00e1rak t\u00f6bb szint\u0171 tananyagot biztos\u00edt:<\/p>\t\t\t\t\t\t\t\t<\/div>\n\t\t\t\t<\/div>\n\t\t\t\t<div class=\"elementor-element elementor-element-b76a2ae elementor-align-center elementor-icon-list--layout-traditional elementor-list-item-link-full_width elementor-widget elementor-widget-icon-list\" data-id=\"b76a2ae\" data-element_type=\"widget\" data-e-type=\"widget\" data-widget_type=\"icon-list.default\">\n\t\t\t\t<div class=\"elementor-widget-container\">\n\t\t\t\t\t\t\t<ul class=\"elementor-icon-list-items\">\n\t\t\t\t\t\t\t<li class=\"elementor-icon-list-item\">\n\t\t\t\t\t\t\t\t\t\t\t<span class=\"elementor-icon-list-icon\">\n\t\t\t\t\t\t\t<i aria-hidden=\"true\" class=\"fas fa-chess-pawn\"><\/i>\t\t\t\t\t\t<\/span>\n\t\t\t\t\t\t\t\t\t\t<span class=\"elementor-icon-list-text\">K\u00f6z\u00e9p szint\u0171<\/span>\n\t\t\t\t\t\t\t\t\t<\/li>\n\t\t\t\t\t\t\t\t<li class=\"elementor-icon-list-item\">\n\t\t\t\t\t\t\t\t\t\t\t<span class=\"elementor-icon-list-icon\">\n\t\t\t\t\t\t\t<i aria-hidden=\"true\" class=\"fas fa-chess-knight\"><\/i>\t\t\t\t\t\t<\/span>\n\t\t\t\t\t\t\t\t\t\t<span class=\"elementor-icon-list-text\">Emelt szint\u0171<\/span>\n\t\t\t\t\t\t\t\t\t<\/li>\n\t\t\t\t\t\t\t\t<li class=\"elementor-icon-list-item\">\n\t\t\t\t\t\t\t\t\t\t\t<span class=\"elementor-icon-list-icon\">\n\t\t\t\t\t\t\t<i aria-hidden=\"true\" class=\"fas fa-chess\"><\/i>\t\t\t\t\t\t<\/span>\n\t\t\t\t\t\t\t\t\t\t<span class=\"elementor-icon-list-text\">OKTV szint\u0171<\/span>\n\t\t\t\t\t\t\t\t\t<\/li>\n\t\t\t\t\t\t<\/ul>\n\t\t\t\t\t\t<\/div>\n\t\t\t\t<\/div>\n\t\t\t\t<div class=\"elementor-element elementor-element-e422985 elementor-widget elementor-widget-text-editor\" data-id=\"e422985\" data-element_type=\"widget\" data-e-type=\"widget\" data-widget_type=\"text-editor.default\">\n\t\t\t\t<div class=\"elementor-widget-container\">\n\t\t\t\t\t\t\t\t\t<p>Jelenleg\u00a0<strong>Genetika, Fizika, Matematika, K\u00e9mia t\u00e1rgyakb\u00f3l<\/strong> \u00e9rhet\u0151ek el anyagaink.<\/p>\t\t\t\t\t\t\t\t<\/div>\n\t\t\t\t<\/div>\n\t\t\t\t\t<\/div>\n\t\t\t\t<\/div>\n\t\t<div class=\"elementor-element elementor-element-4206c35 e-flex e-con-boxed e-con e-parent\" data-id=\"4206c35\" data-element_type=\"container\" data-e-type=\"container\">\n\t\t\t\t\t<div class=\"e-con-inner\">\n\t\t\t\t<div class=\"elementor-element elementor-element-fd59dfc elementor-widget elementor-widget-spacer\" data-id=\"fd59dfc\" data-element_type=\"widget\" data-e-type=\"widget\" data-widget_type=\"spacer.default\">\n\t\t\t\t<div class=\"elementor-widget-container\">\n\t\t\t\t\t\t\t<div class=\"elementor-spacer\">\n\t\t\t<div class=\"elementor-spacer-inner\"><\/div>\n\t\t<\/div>\n\t\t\t\t\t\t<\/div>\n\t\t\t\t<\/div>\n\t\t\t\t<div class=\"elementor-element elementor-element-5f72942 elementor-widget elementor-widget-text-editor\" data-id=\"5f72942\" data-element_type=\"widget\" data-e-type=\"widget\" data-widget_type=\"text-editor.default\">\n\t\t\t\t<div class=\"elementor-widget-container\">\n\t\t\t\t\t\t\t\t\t<p>P\u00e9ldat\u00e1raint k\u00fcl\u00f6nb\u00f6z\u0151 neh\u00e9zs\u00e9gi szinteken \u00e1ll\u00edtottuk \u00f6ssze, hogy minden di\u00e1k megtal\u00e1lja a sz\u00e1m\u00e1ra megfelel\u0151 kih\u00edv\u00e1st. K\u00e9mia, biol\u00f3gia, fizika \u00e9s matematika t\u00e1rgyakb\u00f3l k\u00f6z\u00e9p-, emelt- \u00e9s versenyszint\u0171 feladatokat \u00e9s azok megold\u00e1sait is tartalmazz\u00e1k. C\u00e9lunk, hogy a di\u00e1kok hat\u00e9konyan k\u00e9sz\u00fclhessenek az \u00e9retts\u00e9gire \u00e9s a versenyekre egyar\u00e1nt.<\/p>\t\t\t\t\t\t\t\t<\/div>\n\t\t\t\t<\/div>\n\t\t\t\t<div class=\"elementor-element elementor-element-7ea1a1b e-n-tabs-mobile elementor-widget elementor-widget-n-tabs\" data-id=\"7ea1a1b\" data-element_type=\"widget\" data-e-type=\"widget\" data-settings=\"{&quot;tabs_justify_horizontal&quot;:&quot;center&quot;,&quot;horizontal_scroll&quot;:&quot;disable&quot;}\" data-widget_type=\"nested-tabs.default\">\n\t\t\t\t<div class=\"elementor-widget-container\">\n\t\t\t\t\t\t\t<div class=\"e-n-tabs\" data-widget-number=\"132782619\" aria-label=\"Tabs. Open items with Enter or Space, close with Escape and navigate using the Arrow keys.\">\n\t\t\t<div class=\"e-n-tabs-heading\" role=\"tablist\">\n\t\t\t\t\t<button id=\"e-n-tab-title-1327826191\" data-tab-title-id=\"e-n-tab-title-1327826191\" class=\"e-n-tab-title\" aria-selected=\"true\" data-tab-index=\"1\" role=\"tab\" tabindex=\"0\" aria-controls=\"e-n-tab-content-1327826191\" style=\"--n-tabs-title-order: 1;\">\n\t\t\t\t\t<span class=\"e-n-tab-icon\">\n\t\t\t<i aria-hidden=\"true\" class=\"fas fa-atom\"><\/i>\t\t\t<i aria-hidden=\"true\" class=\"fas fa-atom\"><\/i>\t\t<\/span>\n\t\t\t\t\t<span class=\"e-n-tab-title-text\">\n\t\t\t\tK\u00e9mia\t\t\t<\/span>\n\t\t<\/button>\n\t\t\t\t<button id=\"e-n-tab-title-1327826192\" data-tab-title-id=\"e-n-tab-title-1327826192\" class=\"e-n-tab-title\" aria-selected=\"false\" data-tab-index=\"2\" role=\"tab\" tabindex=\"-1\" aria-controls=\"e-n-tab-content-1327826192\" style=\"--n-tabs-title-order: 2;\">\n\t\t\t\t\t<span class=\"e-n-tab-icon\">\n\t\t\t<i aria-hidden=\"true\" class=\"fas fa-jedi\"><\/i>\t\t\t<i aria-hidden=\"true\" class=\"fas fa-jedi\"><\/i>\t\t<\/span>\n\t\t\t\t\t<span class=\"e-n-tab-title-text\">\n\t\t\t\tFizika\t\t\t<\/span>\n\t\t<\/button>\n\t\t\t\t<button id=\"e-n-tab-title-1327826193\" data-tab-title-id=\"e-n-tab-title-1327826193\" class=\"e-n-tab-title\" aria-selected=\"false\" data-tab-index=\"3\" role=\"tab\" tabindex=\"-1\" aria-controls=\"e-n-tab-content-1327826193\" style=\"--n-tabs-title-order: 3;\">\n\t\t\t\t\t<span class=\"e-n-tab-icon\">\n\t\t\t<i aria-hidden=\"true\" class=\"fas fa-percent\"><\/i>\t\t\t<i aria-hidden=\"true\" class=\"fas fa-percentage\"><\/i>\t\t<\/span>\n\t\t\t\t\t<span class=\"e-n-tab-title-text\">\n\t\t\t\tMatematika\t\t\t<\/span>\n\t\t<\/button>\n\t\t\t\t<button id=\"e-n-tab-title-1327826194\" data-tab-title-id=\"e-n-tab-title-1327826194\" class=\"e-n-tab-title\" aria-selected=\"false\" data-tab-index=\"4\" role=\"tab\" tabindex=\"-1\" aria-controls=\"e-n-tab-content-1327826194\" style=\"--n-tabs-title-order: 4;\">\n\t\t\t\t\t<span class=\"e-n-tab-icon\">\n\t\t\t<i aria-hidden=\"true\" class=\"fas fa-frog\"><\/i>\t\t\t<i aria-hidden=\"true\" class=\"fas fa-frog\"><\/i>\t\t<\/span>\n\t\t\t\t\t<span class=\"e-n-tab-title-text\">\n\t\t\t\tGenetika\t\t\t<\/span>\n\t\t<\/button>\n\t\t\t\t\t<\/div>\n\t\t\t<div class=\"e-n-tabs-content\">\n\t\t\t\t<div id=\"e-n-tab-content-1327826191\" role=\"tabpanel\" aria-labelledby=\"e-n-tab-title-1327826191\" data-tab-index=\"1\" style=\"--n-tabs-title-order: 1;\" class=\"e-active elementor-element elementor-element-29302f8 e-con-full e-flex e-con e-child\" data-id=\"29302f8\" data-element_type=\"container\" data-e-type=\"container\">\n\t\t<div class=\"elementor-element elementor-element-f33f480 e-grid e-con-full e-con e-child\" data-id=\"f33f480\" data-element_type=\"container\" data-e-type=\"container\">\n\t\t<div class=\"elementor-element elementor-element-a85cd30 e-grid e-con-full e-con e-child\" data-id=\"a85cd30\" data-element_type=\"container\" data-e-type=\"container\">\n\t\t\t\t<div class=\"elementor-element elementor-element-cf31b58 elementor-align-justify elementor-widget__width-initial elementor-widget elementor-widget-button\" data-id=\"cf31b58\" data-element_type=\"widget\" data-e-type=\"widget\" data-widget_type=\"button.default\">\n\t\t\t\t<div class=\"elementor-widget-container\">\n\t\t\t\t\t\t\t\t\t<div class=\"elementor-button-wrapper\">\n\t\t\t\t\t<a class=\"elementor-button elementor-button-link elementor-size-sm\" href=\"https:\/\/feb.ch.bme.hu\/wp-content\/uploads\/2025\/07\/1-oldatok.pdf\" target=\"_blank\">\n\t\t\t\t\t\t<span class=\"elementor-button-content-wrapper\">\n\t\t\t\t\t\t\t\t\t<span class=\"elementor-button-text\">Oldatok<\/span>\n\t\t\t\t\t<\/span>\n\t\t\t\t\t<\/a>\n\t\t\t\t<\/div>\n\t\t\t\t\t\t\t\t<\/div>\n\t\t\t\t<\/div>\n\t\t\t\t<div class=\"elementor-element elementor-element-829e6f3 elementor-align-justify elementor-widget__width-initial elementor-widget elementor-widget-button\" data-id=\"829e6f3\" data-element_type=\"widget\" data-e-type=\"widget\" data-widget_type=\"button.default\">\n\t\t\t\t<div class=\"elementor-widget-container\">\n\t\t\t\t\t\t\t\t\t<div class=\"elementor-button-wrapper\">\n\t\t\t\t\t<a class=\"elementor-button elementor-button-link elementor-size-sm\" href=\"https:\/\/feb.ch.bme.hu\/wp-content\/uploads\/2025\/07\/3-sztochiometria.pdf\" target=\"_blank\">\n\t\t\t\t\t\t<span class=\"elementor-button-content-wrapper\">\n\t\t\t\t\t\t\t\t\t<span class=\"elementor-button-text\">Szt\u00f6chiometria<\/span>\n\t\t\t\t\t<\/span>\n\t\t\t\t\t<\/a>\n\t\t\t\t<\/div>\n\t\t\t\t\t\t\t\t<\/div>\n\t\t\t\t<\/div>\n\t\t\t\t<div class=\"elementor-element elementor-element-ed068e1 elementor-align-justify elementor-widget__width-initial elementor-widget elementor-widget-button\" data-id=\"ed068e1\" data-element_type=\"widget\" data-e-type=\"widget\" data-widget_type=\"button.default\">\n\t\t\t\t<div class=\"elementor-widget-container\">\n\t\t\t\t\t\t\t\t\t<div class=\"elementor-button-wrapper\">\n\t\t\t\t\t<a class=\"elementor-button elementor-button-link elementor-size-sm\" href=\"https:\/\/feb.ch.bme.hu\/wp-content\/uploads\/2025\/07\/2-gaztorveny.pdf\" target=\"_blank\">\n\t\t\t\t\t\t<span class=\"elementor-button-content-wrapper\">\n\t\t\t\t\t\t\t\t\t<span class=\"elementor-button-text\">G\u00e1zt\u00f6rv\u00e9nyek<\/span>\n\t\t\t\t\t<\/span>\n\t\t\t\t\t<\/a>\n\t\t\t\t<\/div>\n\t\t\t\t\t\t\t\t<\/div>\n\t\t\t\t<\/div>\n\t\t\t\t<div class=\"elementor-element elementor-element-9893bea elementor-align-justify elementor-widget__width-initial elementor-widget elementor-widget-button\" data-id=\"9893bea\" data-element_type=\"widget\" data-e-type=\"widget\" data-widget_type=\"button.default\">\n\t\t\t\t<div class=\"elementor-widget-container\">\n\t\t\t\t\t\t\t\t\t<div class=\"elementor-button-wrapper\">\n\t\t\t\t\t<a class=\"elementor-button elementor-button-link elementor-size-sm\" href=\"https:\/\/feb.ch.bme.hu\/wp-content\/uploads\/2025\/07\/5-elektro.pdf\" target=\"_blank\">\n\t\t\t\t\t\t<span class=\"elementor-button-content-wrapper\">\n\t\t\t\t\t\t\t\t\t<span class=\"elementor-button-text\">Elektrok\u00e9mia<\/span>\n\t\t\t\t\t<\/span>\n\t\t\t\t\t<\/a>\n\t\t\t\t<\/div>\n\t\t\t\t\t\t\t\t<\/div>\n\t\t\t\t<\/div>\n\t\t\t\t<div class=\"elementor-element elementor-element-9dfa9e9 elementor-align-justify elementor-widget__width-initial elementor-widget elementor-widget-button\" data-id=\"9dfa9e9\" data-element_type=\"widget\" data-e-type=\"widget\" data-widget_type=\"button.default\">\n\t\t\t\t<div class=\"elementor-widget-container\">\n\t\t\t\t\t\t\t\t\t<div class=\"elementor-button-wrapper\">\n\t\t\t\t\t<a class=\"elementor-button elementor-button-link elementor-size-sm\" href=\"https:\/\/feb.ch.bme.hu\/wp-content\/uploads\/2025\/07\/4-termokemia.pdf\" target=\"_blank\">\n\t\t\t\t\t\t<span class=\"elementor-button-content-wrapper\">\n\t\t\t\t\t\t\t\t\t<span class=\"elementor-button-text\">Termok\u00e9mia<\/span>\n\t\t\t\t\t<\/span>\n\t\t\t\t\t<\/a>\n\t\t\t\t<\/div>\n\t\t\t\t\t\t\t\t<\/div>\n\t\t\t\t<\/div>\n\t\t\t\t<div class=\"elementor-element elementor-element-20ce050 elementor-align-justify elementor-widget__width-initial elementor-widget elementor-widget-button\" data-id=\"20ce050\" data-element_type=\"widget\" data-e-type=\"widget\" data-widget_type=\"button.default\">\n\t\t\t\t<div class=\"elementor-widget-container\">\n\t\t\t\t\t\t\t\t\t<div class=\"elementor-button-wrapper\">\n\t\t\t\t\t<a class=\"elementor-button elementor-button-link elementor-size-sm\" href=\"https:\/\/feb.ch.bme.hu\/wp-content\/uploads\/2025\/07\/6-egyensuly.pdf\" target=\"_blank\">\n\t\t\t\t\t\t<span class=\"elementor-button-content-wrapper\">\n\t\t\t\t\t\t\t\t\t<span class=\"elementor-button-text\">Egyens\u00falyok<\/span>\n\t\t\t\t\t<\/span>\n\t\t\t\t\t<\/a>\n\t\t\t\t<\/div>\n\t\t\t\t\t\t\t\t<\/div>\n\t\t\t\t<\/div>\n\t\t\t\t<\/div>\n\t\t\t\t<div class=\"elementor-element elementor-element-30b3e74 elementor-align-justify elementor-widget__width-initial elementor-widget elementor-widget-button\" data-id=\"30b3e74\" data-element_type=\"widget\" data-e-type=\"widget\" data-widget_type=\"button.default\">\n\t\t\t\t<div class=\"elementor-widget-container\">\n\t\t\t\t\t\t\t\t\t<div class=\"elementor-button-wrapper\">\n\t\t\t\t\t<a class=\"elementor-button elementor-button-link elementor-size-sm\" href=\"https:\/\/feb.ch.bme.hu\/wp-content\/uploads\/2025\/07\/Kemia-peldatar.pdf\" target=\"_blank\">\n\t\t\t\t\t\t<span class=\"elementor-button-content-wrapper\">\n\t\t\t\t\t\t\t\t\t<span class=\"elementor-button-text\">K\u00e9mia P\u00e9ldat\u00e1r<\/span>\n\t\t\t\t\t<\/span>\n\t\t\t\t\t<\/a>\n\t\t\t\t<\/div>\n\t\t\t\t\t\t\t\t<\/div>\n\t\t\t\t<\/div>\n\t\t\t\t<\/div>\n\t\t\t\t<\/div>\n\t\t<div id=\"e-n-tab-content-1327826192\" role=\"tabpanel\" aria-labelledby=\"e-n-tab-title-1327826192\" data-tab-index=\"2\" style=\"--n-tabs-title-order: 2;\" class=\" elementor-element elementor-element-7699044 e-con-full e-flex e-con e-child\" data-id=\"7699044\" data-element_type=\"container\" data-e-type=\"container\">\n\t\t\t\t<div class=\"elementor-element elementor-element-bc0bdea elementor-align-center elementor-widget__width-initial elementor-widget elementor-widget-button\" data-id=\"bc0bdea\" data-element_type=\"widget\" data-e-type=\"widget\" data-widget_type=\"button.default\">\n\t\t\t\t<div class=\"elementor-widget-container\">\n\t\t\t\t\t\t\t\t\t<div class=\"elementor-button-wrapper\">\n\t\t\t\t\t<a class=\"elementor-button elementor-button-link elementor-size-sm\" href=\"https:\/\/feb.ch.bme.hu\/wp-content\/uploads\/2025\/07\/Fizika_peldatar.pdf\" target=\"_blank\">\n\t\t\t\t\t\t<span class=\"elementor-button-content-wrapper\">\n\t\t\t\t\t\t\t\t\t<span class=\"elementor-button-text\">Fizika P\u00e9ldat\u00e1r<\/span>\n\t\t\t\t\t<\/span>\n\t\t\t\t\t<\/a>\n\t\t\t\t<\/div>\n\t\t\t\t\t\t\t\t<\/div>\n\t\t\t\t<\/div>\n\t\t\t\t<\/div>\n\t\t<div id=\"e-n-tab-content-1327826193\" role=\"tabpanel\" aria-labelledby=\"e-n-tab-title-1327826193\" data-tab-index=\"3\" style=\"--n-tabs-title-order: 3;\" class=\" elementor-element elementor-element-c2b48ba e-flex e-con-boxed e-con e-child\" data-id=\"c2b48ba\" data-element_type=\"container\" data-e-type=\"container\">\n\t\t\t\t\t<div class=\"e-con-inner\">\n\t\t\t\t<div class=\"elementor-element elementor-element-71b2ab6 elementor-align-center elementor-widget__width-initial elementor-widget elementor-widget-button\" data-id=\"71b2ab6\" data-element_type=\"widget\" data-e-type=\"widget\" data-widget_type=\"button.default\">\n\t\t\t\t<div class=\"elementor-widget-container\">\n\t\t\t\t\t\t\t\t\t<div class=\"elementor-button-wrapper\">\n\t\t\t\t\t<a class=\"elementor-button elementor-button-link elementor-size-sm\" href=\"https:\/\/feb.ch.bme.hu\/wp-content\/uploads\/2025\/07\/Matematika_peldatar_egyben.pdf\" target=\"_blank\">\n\t\t\t\t\t\t<span class=\"elementor-button-content-wrapper\">\n\t\t\t\t\t\t\t\t\t<span class=\"elementor-button-text\">Matematika P\u00e9ldat\u00e1r<\/span>\n\t\t\t\t\t<\/span>\n\t\t\t\t\t<\/a>\n\t\t\t\t<\/div>\n\t\t\t\t\t\t\t\t<\/div>\n\t\t\t\t<\/div>\n\t\t\t\t\t<\/div>\n\t\t\t\t<\/div>\n\t\t<div id=\"e-n-tab-content-1327826194\" role=\"tabpanel\" aria-labelledby=\"e-n-tab-title-1327826194\" data-tab-index=\"4\" style=\"--n-tabs-title-order: 4;\" class=\" elementor-element elementor-element-69d45c6 e-con-full e-flex e-con e-child\" data-id=\"69d45c6\" data-element_type=\"container\" data-e-type=\"container\">\n\t\t\t\t<div class=\"elementor-element elementor-element-9efcd11 elementor-align-center elementor-widget__width-initial elementor-widget elementor-widget-button\" data-id=\"9efcd11\" data-element_type=\"widget\" data-e-type=\"widget\" data-widget_type=\"button.default\">\n\t\t\t\t<div class=\"elementor-widget-container\">\n\t\t\t\t\t\t\t\t\t<div class=\"elementor-button-wrapper\">\n\t\t\t\t\t<a class=\"elementor-button elementor-button-link elementor-size-sm\" href=\"https:\/\/feb.ch.bme.hu\/wp-content\/uploads\/2025\/07\/Genetika-Peldatar.pdf\" target=\"_blank\">\n\t\t\t\t\t\t<span class=\"elementor-button-content-wrapper\">\n\t\t\t\t\t\t\t\t\t<span class=\"elementor-button-text\">Genetika P\u00e9ldat\u00e1r<\/span>\n\t\t\t\t\t<\/span>\n\t\t\t\t\t<\/a>\n\t\t\t\t<\/div>\n\t\t\t\t\t\t\t\t<\/div>\n\t\t\t\t<\/div>\n\t\t\t\t<\/div>\n\t\t\t\t\t<\/div>\n\t\t<\/div>\n\t\t\t\t\t\t<\/div>\n\t\t\t\t<\/div>\n\t\t\t\t<div class=\"elementor-element elementor-element-8807201 elementor-widget elementor-widget-text-editor\" data-id=\"8807201\" data-element_type=\"widget\" data-e-type=\"widget\" data-widget_type=\"text-editor.default\">\n\t\t\t\t<div class=\"elementor-widget-container\">\n\t\t\t\t\t\t\t\t\t<p>Folyamatosan b\u0151v\u00edtj\u00fck a p\u00e9ldat\u00e1rat, hogy min\u00e9l t\u00f6bb di\u00e1k sz\u00e1m\u00e1ra legyen hasznos seg\u00edts\u00e9g a tanul\u00e1sban \u00e9s a sikeres \u00e9retts\u00e9gihez vezet\u0151 \u00faton.<\/p>\t\t\t\t\t\t\t\t<\/div>\n\t\t\t\t<\/div>\n\t\t\t\t\t<\/div>\n\t\t\t\t<\/div>\n\t\t\t\t<\/div>\n\t\t","protected":false},"excerpt":{"rendered":"<p>P\u00e9ldat\u00e1raink A VeBio p\u00e9ldat\u00e1ra olyan ingyenesen el\u00e9rhet\u0151 seg\u00e9danyagokat tartalmaz, amelyek seg\u00edtenek a k\u00f6z\u00e9p- \u00e9s emelt szint\u0171 \u00e9retts\u00e9gire val\u00f3 felk\u00e9sz\u00fcl\u00e9sben. Oldalunkon r\u00f6vid, k\u00f6nnyen \u00e1ttekinthet\u0151 elm\u00e9leti \u00f6sszefoglal\u00f3k \u00e9s hozz\u00e1juk kapcsol\u00f3d\u00f3 gyakorlati feladatok tal\u00e1lhat\u00f3k, amelyek t\u00e1mogatj\u00e1k a meg\u00e9rt\u00e9st \u00e9s a rendszerez\u00e9st. Az oldalunkon tal\u00e1lhat\u00f3 p\u00e9ldat\u00e1rak t\u00f6bb szint\u0171 tananyagot biztos\u00edt: K\u00f6z\u00e9p szint\u0171 Emelt szint\u0171 OKTV szint\u0171 Jelenleg\u00a0Genetika, Fizika, Matematika, K\u00e9mia t\u00e1rgyakb\u00f3l \u00e9rhet\u0151ek el anyagaink. P\u00e9ldat\u00e1raint k\u00fcl\u00f6nb\u00f6z\u0151 neh\u00e9zs\u00e9gi szinteken \u00e1ll\u00edtottuk \u00f6ssze, hogy minden di\u00e1k megtal\u00e1lja a sz\u00e1m\u00e1ra megfelel\u0151 kih\u00edv\u00e1st. K\u00e9mia, biol\u00f3gia, fizika \u00e9s matematika t\u00e1rgyakb\u00f3l k\u00f6z\u00e9p-, emelt- \u00e9s versenyszint\u0171 feladatokat \u00e9s azok megold\u00e1sait is tartalmazz\u00e1k. C\u00e9lunk, hogy a di\u00e1kok hat\u00e9konyan k\u00e9sz\u00fclhessenek az \u00e9retts\u00e9gire \u00e9s a versenyekre egyar\u00e1nt. K\u00e9mia Fizika Matematika Genetika Oldatok Szt\u00f6chiometria G\u00e1zt\u00f6rv\u00e9nyek Elektrok\u00e9mia Termok\u00e9mia Egyens\u00falyok K\u00e9mia P\u00e9ldat\u00e1r Fizika P\u00e9ldat\u00e1r Matematika P\u00e9ldat\u00e1r Genetika P\u00e9ldat\u00e1r Oldatok Szt\u00f6chiometria G\u00e1zt\u00f6rv\u00e9nyek Elektrok\u00e9mia Termok\u00e9mia Egyens\u00falyok K\u00e9mia P\u00e9ldat\u00e1r Fizika P\u00e9ldat\u00e1r Matematika P\u00e9ldat\u00e1r Genetika P\u00e9ldat\u00e1r Folyamatosan b\u0151v\u00edtj\u00fck a p\u00e9ldat\u00e1rat, hogy min\u00e9l t\u00f6bb di\u00e1k sz\u00e1m\u00e1ra legyen hasznos seg\u00edts\u00e9g a tanul\u00e1sban \u00e9s a&hellip;<\/p>\n<p> <a class=\"more-link\" href=\"https:\/\/feb.ch.bme.hu\/index.php\/peldatar-letoltese\/\">B\u0151vebben<\/a><\/p>\n","protected":false},"author":2,"featured_media":2294,"parent":0,"menu_order":0,"comment_status":"closed","ping_status":"closed","template":"","meta":{"_eb_attr":"","footnotes":""},"class_list":["post-318","page","type-page","status-publish","has-post-thumbnail"],"featured_image_src":"https:\/\/feb.ch.bme.hu\/wp-content\/uploads\/2025\/07\/adam3.png","featured_image_src_square":"https:\/\/feb.ch.bme.hu\/wp-content\/uploads\/2025\/07\/adam3.png","jetpack_sharing_enabled":true,"_links":{"self":[{"href":"https:\/\/feb.ch.bme.hu\/index.php\/wp-json\/wp\/v2\/pages\/318","targetHints":{"allow":["GET"]}}],"collection":[{"href":"https:\/\/feb.ch.bme.hu\/index.php\/wp-json\/wp\/v2\/pages"}],"about":[{"href":"https:\/\/feb.ch.bme.hu\/index.php\/wp-json\/wp\/v2\/types\/page"}],"author":[{"embeddable":true,"href":"https:\/\/feb.ch.bme.hu\/index.php\/wp-json\/wp\/v2\/users\/2"}],"replies":[{"embeddable":true,"href":"https:\/\/feb.ch.bme.hu\/index.php\/wp-json\/wp\/v2\/comments?post=318"}],"version-history":[{"count":123,"href":"https:\/\/feb.ch.bme.hu\/index.php\/wp-json\/wp\/v2\/pages\/318\/revisions"}],"predecessor-version":[{"id":3664,"href":"https:\/\/feb.ch.bme.hu\/index.php\/wp-json\/wp\/v2\/pages\/318\/revisions\/3664"}],"wp:featuredmedia":[{"embeddable":true,"href":"https:\/\/feb.ch.bme.hu\/index.php\/wp-json\/wp\/v2\/media\/2294"}],"wp:attachment":[{"href":"https:\/\/feb.ch.bme.hu\/index.php\/wp-json\/wp\/v2\/media?parent=318"}],"curies":[{"name":"wp","href":"https:\/\/api.w.org\/{rel}","templated":true}]}}