{"id":636,"date":"2020-08-15T13:39:59","date_gmt":"2020-08-15T11:39:59","guid":{"rendered":"https:\/\/feb.ch.bme.hu\/?page_id=636"},"modified":"2025-08-07T19:43:40","modified_gmt":"2025-08-07T17:43:40","slug":"tagjaink","status":"publish","type":"page","link":"https:\/\/feb.ch.bme.hu\/index.php\/bemutatkozas\/tagjaink\/","title":{"rendered":"Tagjaink"},"content":{"rendered":"\t\t<div data-elementor-type=\"wp-page\" data-elementor-id=\"636\" class=\"elementor elementor-636\">\n\t\t\t\t<div class=\"elementor-element elementor-element-c9a6dce e-flex e-con-boxed e-con e-parent\" data-id=\"c9a6dce\" data-element_type=\"container\" data-e-type=\"container\">\n\t\t\t\t\t<div class=\"e-con-inner\">\n\t\t\t\t<div class=\"elementor-element elementor-element-48eaa8c elementor-widget elementor-widget-image\" data-id=\"48eaa8c\" data-element_type=\"widget\" data-e-type=\"widget\" data-widget_type=\"image.default\">\n\t\t\t\t<div class=\"elementor-widget-container\">\n\t\t\t\t\t\t\t\t\t\t\t\t\t\t\t<img fetchpriority=\"high\" decoding=\"async\" width=\"800\" height=\"350\" src=\"https:\/\/feb.ch.bme.hu\/wp-content\/uploads\/2025\/07\/20240721140147_IMG_2618.jpg\" class=\"attachment-large size-large wp-image-2212\" alt=\"\" \/>\t\t\t\t\t\t\t\t\t\t\t\t\t\t\t<\/div>\n\t\t\t\t<\/div>\n\t\t\t\t<div class=\"elementor-element elementor-element-97f79a4 elementor-widget elementor-widget-text-editor\" data-id=\"97f79a4\" data-element_type=\"widget\" data-e-type=\"widget\" data-widget_type=\"text-editor.default\">\n\t\t\t\t<div class=\"elementor-widget-container\">\n\t\t\t\t\t\t\t\t\t<p>A k\u00f6rtagok <strong>4 tansz\u00e9k k\u00f6z\u00f6tt oszlanak meg<\/strong> aszerint, hogy ki melyik tant\u00e1rgyat szokta leggyakrabban tan\u00edtani a ny\u00e1ri t\u00e1borban. Kattints a megtekinteni k\u00edv\u00e1nt tansz\u00e9kre, ahol f\u00e9nyk\u00e9peket, inform\u00e1ci\u00f3kat, illetve el\u00e9rhet\u0151s\u00e9get tal\u00e1lsz jelenleg akt\u00edv tagjainkr\u00f3l.<\/p>\t\t\t\t\t\t\t\t<\/div>\n\t\t\t\t<\/div>\n\t\t\t\t\t<\/div>\n\t\t\t\t<\/div>\n\t\t<div class=\"elementor-element elementor-element-928149b e-flex e-con-boxed e-con e-parent\" data-id=\"928149b\" data-element_type=\"container\" data-e-type=\"container\">\n\t\t\t\t\t<div class=\"e-con-inner\">\n\t\t<div class=\"elementor-element elementor-element-9212b98 e-con-full e-flex e-con e-child\" data-id=\"9212b98\" data-element_type=\"container\" data-e-type=\"container\" data-settings=\"{&quot;background_background&quot;:&quot;classic&quot;}\">\n\t\t\t\t<div class=\"elementor-element elementor-element-c60b8be elementor-position-inline-start elementor-view-default elementor-mobile-position-block-start elementor-widget elementor-widget-icon-box\" data-id=\"c60b8be\" data-element_type=\"widget\" data-e-type=\"widget\" data-widget_type=\"icon-box.default\">\n\t\t\t\t<div class=\"elementor-widget-container\">\n\t\t\t\t\t\t\t<div class=\"elementor-icon-box-wrapper\">\n\n\t\t\t\t\t\t<div class=\"elementor-icon-box-icon\">\n\t\t\t\t<span  class=\"elementor-icon\">\n\t\t\t\t<i aria-hidden=\"true\" class=\"fas fa-atom\"><\/i>\t\t\t\t<\/span>\n\t\t\t<\/div>\n\t\t\t\n\t\t\t\t\t\t<div class=\"elementor-icon-box-content\">\n\n\t\t\t\t\t\t\t\t\t<h3 class=\"elementor-icon-box-title\">\n\t\t\t\t\t\t<span  >\n\t\t\t\t\t\t\tK\u00e9mia Tansz\u00e9k\t\t\t\t\t\t<\/span>\n\t\t\t\t\t<\/h3>\n\t\t\t\t\n\t\t\t\t\n\t\t\t<\/div>\n\t\t\t\n\t\t<\/div>\n\t\t\t\t\t\t<\/div>\n\t\t\t\t<\/div>\n\t\t\t\t<div class=\"elementor-element elementor-element-c734d2b elementor-widget elementor-widget-button\" data-id=\"c734d2b\" data-element_type=\"widget\" data-e-type=\"widget\" data-widget_type=\"button.default\">\n\t\t\t\t<div class=\"elementor-widget-container\">\n\t\t\t\t\t\t\t\t\t<div class=\"elementor-button-wrapper\">\n\t\t\t\t\t<a class=\"elementor-button elementor-button-link elementor-size-sm\" href=\"https:\/\/feb.ch.bme.hu\/index.php\/bemutatkozas\/tagjaink\/kemia-tanszek\/\">\n\t\t\t\t\t\t<span class=\"elementor-button-content-wrapper\">\n\t\t\t\t\t\t\t\t\t<span class=\"elementor-button-text\">B\u0151vebben<\/span>\n\t\t\t\t\t<\/span>\n\t\t\t\t\t<\/a>\n\t\t\t\t<\/div>\n\t\t\t\t\t\t\t\t<\/div>\n\t\t\t\t<\/div>\n\t\t\t\t<\/div>\n\t\t<div class=\"elementor-element elementor-element-8084cee e-con-full e-flex e-con e-child\" data-id=\"8084cee\" data-element_type=\"container\" data-e-type=\"container\" data-settings=\"{&quot;background_background&quot;:&quot;classic&quot;}\">\n\t\t\t\t<div class=\"elementor-element elementor-element-ed60d82 elementor-position-inline-start elementor-view-default elementor-mobile-position-block-start elementor-widget elementor-widget-icon-box\" data-id=\"ed60d82\" data-element_type=\"widget\" data-e-type=\"widget\" data-widget_type=\"icon-box.default\">\n\t\t\t\t<div class=\"elementor-widget-container\">\n\t\t\t\t\t\t\t<div class=\"elementor-icon-box-wrapper\">\n\n\t\t\t\t\t\t<div class=\"elementor-icon-box-icon\">\n\t\t\t\t<span  class=\"elementor-icon\">\n\t\t\t\t<i aria-hidden=\"true\" class=\"fas fa-jedi\"><\/i>\t\t\t\t<\/span>\n\t\t\t<\/div>\n\t\t\t\n\t\t\t\t\t\t<div class=\"elementor-icon-box-content\">\n\n\t\t\t\t\t\t\t\t\t<h3 class=\"elementor-icon-box-title\">\n\t\t\t\t\t\t<span  >\n\t\t\t\t\t\t\tFizika Tansz\u00e9k\t\t\t\t\t\t<\/span>\n\t\t\t\t\t<\/h3>\n\t\t\t\t\n\t\t\t\t\n\t\t\t<\/div>\n\t\t\t\n\t\t<\/div>\n\t\t\t\t\t\t<\/div>\n\t\t\t\t<\/div>\n\t\t\t\t<div class=\"elementor-element elementor-element-9d4ce9e elementor-widget elementor-widget-button\" data-id=\"9d4ce9e\" data-element_type=\"widget\" data-e-type=\"widget\" data-widget_type=\"button.default\">\n\t\t\t\t<div class=\"elementor-widget-container\">\n\t\t\t\t\t\t\t\t\t<div class=\"elementor-button-wrapper\">\n\t\t\t\t\t<a class=\"elementor-button elementor-button-link elementor-size-sm\" href=\"https:\/\/feb.ch.bme.hu\/index.php\/bemutatkozas\/tagjaink\/fizika-tanszek\/\">\n\t\t\t\t\t\t<span class=\"elementor-button-content-wrapper\">\n\t\t\t\t\t\t\t\t\t<span class=\"elementor-button-text\">B\u0151vebben<\/span>\n\t\t\t\t\t<\/span>\n\t\t\t\t\t<\/a>\n\t\t\t\t<\/div>\n\t\t\t\t\t\t\t\t<\/div>\n\t\t\t\t<\/div>\n\t\t\t\t<\/div>\n\t\t<div class=\"elementor-element elementor-element-a95b306 e-con-full e-flex e-con e-child\" data-id=\"a95b306\" data-element_type=\"container\" data-e-type=\"container\" data-settings=\"{&quot;background_background&quot;:&quot;classic&quot;}\">\n\t\t\t\t<div class=\"elementor-element elementor-element-3c22940 elementor-position-inline-start elementor-view-default elementor-mobile-position-block-start elementor-widget elementor-widget-icon-box\" data-id=\"3c22940\" data-element_type=\"widget\" data-e-type=\"widget\" data-widget_type=\"icon-box.default\">\n\t\t\t\t<div class=\"elementor-widget-container\">\n\t\t\t\t\t\t\t<div class=\"elementor-icon-box-wrapper\">\n\n\t\t\t\t\t\t<div class=\"elementor-icon-box-icon\">\n\t\t\t\t<span  class=\"elementor-icon\">\n\t\t\t\t<i aria-hidden=\"true\" class=\"fas fa-percent\"><\/i>\t\t\t\t<\/span>\n\t\t\t<\/div>\n\t\t\t\n\t\t\t\t\t\t<div class=\"elementor-icon-box-content\">\n\n\t\t\t\t\t\t\t\t\t<h3 class=\"elementor-icon-box-title\">\n\t\t\t\t\t\t<span  >\n\t\t\t\t\t\t\tMatematika Tansz\u00e9k\t\t\t\t\t\t<\/span>\n\t\t\t\t\t<\/h3>\n\t\t\t\t\n\t\t\t\t\n\t\t\t<\/div>\n\t\t\t\n\t\t<\/div>\n\t\t\t\t\t\t<\/div>\n\t\t\t\t<\/div>\n\t\t\t\t<div class=\"elementor-element elementor-element-ed8edcf elementor-widget elementor-widget-button\" data-id=\"ed8edcf\" data-element_type=\"widget\" data-e-type=\"widget\" data-widget_type=\"button.default\">\n\t\t\t\t<div class=\"elementor-widget-container\">\n\t\t\t\t\t\t\t\t\t<div class=\"elementor-button-wrapper\">\n\t\t\t\t\t<a class=\"elementor-button elementor-button-link elementor-size-sm\" href=\"https:\/\/feb.ch.bme.hu\/index.php\/bemutatkozas\/tagjaink\/matematika-tanszek\/\">\n\t\t\t\t\t\t<span class=\"elementor-button-content-wrapper\">\n\t\t\t\t\t\t\t\t\t<span class=\"elementor-button-text\">B\u0151vebben<\/span>\n\t\t\t\t\t<\/span>\n\t\t\t\t\t<\/a>\n\t\t\t\t<\/div>\n\t\t\t\t\t\t\t\t<\/div>\n\t\t\t\t<\/div>\n\t\t\t\t<\/div>\n\t\t<div class=\"elementor-element elementor-element-2a39ca9 e-con-full e-flex e-con e-child\" data-id=\"2a39ca9\" data-element_type=\"container\" data-e-type=\"container\" data-settings=\"{&quot;background_background&quot;:&quot;classic&quot;}\">\n\t\t\t\t<div class=\"elementor-element elementor-element-fb21e14 elementor-position-inline-start elementor-view-default elementor-mobile-position-block-start elementor-widget elementor-widget-icon-box\" data-id=\"fb21e14\" data-element_type=\"widget\" data-e-type=\"widget\" data-widget_type=\"icon-box.default\">\n\t\t\t\t<div class=\"elementor-widget-container\">\n\t\t\t\t\t\t\t<div class=\"elementor-icon-box-wrapper\">\n\n\t\t\t\t\t\t<div class=\"elementor-icon-box-icon\">\n\t\t\t\t<span  class=\"elementor-icon\">\n\t\t\t\t<i aria-hidden=\"true\" class=\"fas fa-frog\"><\/i>\t\t\t\t<\/span>\n\t\t\t<\/div>\n\t\t\t\n\t\t\t\t\t\t<div class=\"elementor-icon-box-content\">\n\n\t\t\t\t\t\t\t\t\t<h3 class=\"elementor-icon-box-title\">\n\t\t\t\t\t\t<span  >\n\t\t\t\t\t\t\tBiol\u00f3gia Tansz\u00e9k\t\t\t\t\t\t<\/span>\n\t\t\t\t\t<\/h3>\n\t\t\t\t\n\t\t\t\t\n\t\t\t<\/div>\n\t\t\t\n\t\t<\/div>\n\t\t\t\t\t\t<\/div>\n\t\t\t\t<\/div>\n\t\t\t\t<div class=\"elementor-element elementor-element-840dbaa elementor-widget elementor-widget-button\" data-id=\"840dbaa\" data-element_type=\"widget\" data-e-type=\"widget\" data-widget_type=\"button.default\">\n\t\t\t\t<div class=\"elementor-widget-container\">\n\t\t\t\t\t\t\t\t\t<div class=\"elementor-button-wrapper\">\n\t\t\t\t\t<a class=\"elementor-button elementor-button-link elementor-size-sm\" href=\"https:\/\/feb.ch.bme.hu\/index.php\/bemutatkozas\/tagjaink\/biologia-tanszek\/\">\n\t\t\t\t\t\t<span class=\"elementor-button-content-wrapper\">\n\t\t\t\t\t\t\t\t\t<span class=\"elementor-button-text\">B\u0151vebben<\/span>\n\t\t\t\t\t<\/span>\n\t\t\t\t\t<\/a>\n\t\t\t\t<\/div>\n\t\t\t\t\t\t\t\t<\/div>\n\t\t\t\t<\/div>\n\t\t\t\t<\/div>\n\t\t\t\t\t<\/div>\n\t\t\t\t<\/div>\n\t\t<div class=\"elementor-element elementor-element-8e2639e e-flex e-con-boxed e-con e-parent\" data-id=\"8e2639e\" data-element_type=\"container\" data-e-type=\"container\" data-settings=\"{&quot;background_background&quot;:&quot;classic&quot;}\">\n\t\t\t\t\t<div class=\"e-con-inner\">\n\t\t<div class=\"elementor-element elementor-element-c94fb83 e-con-full e-flex e-con e-child\" data-id=\"c94fb83\" data-element_type=\"container\" data-e-type=\"container\">\n\t\t\t\t<div class=\"elementor-element elementor-element-76f52ff content-align-cta-center elementor-widget elementor-widget-eael-cta-box\" data-id=\"76f52ff\" data-element_type=\"widget\" data-e-type=\"widget\" data-widget_type=\"eael-cta-box.default\">\n\t\t\t\t<div class=\"elementor-widget-container\">\n\t\t\t\t\t\t\t<div class=\"eael-call-to-action cta-basic bg-lite cta-preset-1\">\n        <h2 class=\"title eael-cta-heading\">Seg\u00edt\u0151ink<\/h2><a href=\"https:\/\/feb.ch.bme.hu\/index.php\/bemutatkozas\/tagjaink\/segitoink\/\" class=\"cta-button cta-preset-1  \">B\u0151vebben<\/a>\t<\/div>\n\t\t\t\t\t\t\t\t<\/div>\n\t\t\t\t<\/div>\n\t\t\t\t<\/div>\n\t\t<div class=\"elementor-element elementor-element-bc48b1f e-con-full e-flex e-con e-child\" data-id=\"bc48b1f\" data-element_type=\"container\" data-e-type=\"container\">\n\t\t\t\t<div class=\"elementor-element elementor-element-ca5c6c2 elementor-widget elementor-widget-heading\" data-id=\"ca5c6c2\" data-element_type=\"widget\" data-e-type=\"widget\" data-widget_type=\"heading.default\">\n\t\t\t\t<div class=\"elementor-widget-container\">\n\t\t\t\t\t<h2 class=\"elementor-heading-title elementor-size-default\">Seg\u00edt\u0151ink n\u00e9lk\u00fcl nem m\u0171k\u00f6dne a VeBio!<\/h2>\t\t\t\t<\/div>\n\t\t\t\t<\/div>\n\t\t\t\t<div class=\"elementor-element elementor-element-b49819c elementor-widget elementor-widget-text-editor\" data-id=\"b49819c\" data-element_type=\"widget\" data-e-type=\"widget\" data-widget_type=\"text-editor.default\">\n\t\t\t\t<div class=\"elementor-widget-container\">\n\t\t\t\t\t\t\t\t\t<p>\u0150k azok, akik a t\u00e1bori \u00e9s szakmai napok h\u00e1tt\u00e9rfolyamatait seg\u00edtik g\u00f6rd\u00fcl\u00e9kenyen lebonyol\u00edtani \u2013 a technikai el\u0151k\u00e9sz\u00fcletekt\u0151l a napi logisztikai feladatokig \u00e9s biztos\u00edtj\u00e1k, hogy a tan\u00e1ri kar maradjon k\u00e1v\u00e9 n\u00e9lk\u00fcl.<\/p>\t\t\t\t\t\t\t\t<\/div>\n\t\t\t\t<\/div>\n\t\t\t\t<\/div>\n\t\t\t\t\t<\/div>\n\t\t\t\t<\/div>\n\t\t<div class=\"elementor-element elementor-element-11893c6 e-flex e-con-boxed e-con e-parent\" data-id=\"11893c6\" data-element_type=\"container\" data-e-type=\"container\">\n\t\t\t\t\t<div class=\"e-con-inner\">\n\t\t\t\t<div class=\"elementor-element elementor-element-cdd466e elementor-widget elementor-widget-image\" data-id=\"cdd466e\" data-element_type=\"widget\" data-e-type=\"widget\" data-widget_type=\"image.default\">\n\t\t\t\t<div class=\"elementor-widget-container\">\n\t\t\t\t\t\t\t\t\t\t\t\t\t\t\t<img decoding=\"async\" width=\"800\" height=\"331\" src=\"https:\/\/feb.ch.bme.hu\/wp-content\/uploads\/2019\/07\/csoport.jpg\" class=\"attachment-large size-large wp-image-251\" alt=\"\" \/>\t\t\t\t\t\t\t\t\t\t\t\t\t\t\t<\/div>\n\t\t\t\t<\/div>\n\t\t\t\t\t<\/div>\n\t\t\t\t<\/div>\n\t\t<div class=\"elementor-element elementor-element-10491ad e-flex e-con-boxed e-con e-parent\" data-id=\"10491ad\" data-element_type=\"container\" data-e-type=\"container\" data-settings=\"{&quot;background_background&quot;:&quot;classic&quot;}\">\n\t\t\t\t\t<div class=\"e-con-inner\">\n\t\t<div class=\"elementor-element elementor-element-4fc33da e-con-full e-flex e-con e-child\" data-id=\"4fc33da\" data-element_type=\"container\" data-e-type=\"container\">\n\t\t\t\t<div class=\"elementor-element elementor-element-1f88bb2 content-align-cta-center elementor-widget elementor-widget-eael-cta-box\" data-id=\"1f88bb2\" data-element_type=\"widget\" data-e-type=\"widget\" data-widget_type=\"eael-cta-box.default\">\n\t\t\t\t<div class=\"elementor-widget-container\">\n\t\t\t\t\t\t\t<div class=\"eael-call-to-action cta-basic bg-lite cta-preset-1\">\n        <h2 class=\"title eael-cta-heading\">Alumni <\/h2><a href=\"https:\/\/feb.ch.bme.hu\/index.php\/bemutatkozas\/tagjaink\/alumni\/\" class=\"cta-button cta-preset-1  \">B\u0151vebben<\/a>\t<\/div>\n\t\t\t\t\t\t\t\t<\/div>\n\t\t\t\t<\/div>\n\t\t\t\t<\/div>\n\t\t<div class=\"elementor-element elementor-element-262452f e-con-full e-flex e-con e-child\" data-id=\"262452f\" data-element_type=\"container\" data-e-type=\"container\">\n\t\t<div class=\"elementor-element elementor-element-02a8fed e-con-full e-flex e-con e-child\" data-id=\"02a8fed\" data-element_type=\"container\" data-e-type=\"container\">\n\t\t\t\t<div class=\"elementor-element elementor-element-2c5053e elementor-widget elementor-widget-heading\" data-id=\"2c5053e\" data-element_type=\"widget\" data-e-type=\"widget\" data-widget_type=\"heading.default\">\n\t\t\t\t<div class=\"elementor-widget-container\">\n\t\t\t\t\t<h2 class=\"elementor-heading-title elementor-size-default\">R\u00e9gi tagjaink \u2013 Alumni\n\n<\/h2>\t\t\t\t<\/div>\n\t\t\t\t<\/div>\n\t\t\t\t<\/div>\n\t\t<div class=\"elementor-element elementor-element-088e065 e-con-full e-flex e-con e-child\" data-id=\"088e065\" data-element_type=\"container\" data-e-type=\"container\">\n\t\t\t\t<div class=\"elementor-element elementor-element-bc9c968 elementor-widget elementor-widget-text-editor\" data-id=\"bc9c968\" data-element_type=\"widget\" data-e-type=\"widget\" data-widget_type=\"text-editor.default\">\n\t\t\t\t<div class=\"elementor-widget-container\">\n\t\t\t\t\t\t\t\t\t<p data-start=\"74\" data-end=\"303\">K\u00f6z\u00f6ss\u00e9g\u00fcnk erej\u00e9t nemcsak a jelenlegi tagjaink, hanem a kor\u00e1bbi \u00e9vekben vel\u00fcnk dolgoz\u00f3 \u00f6nk\u00e9ntesek is adj\u00e1k.<br data-start=\"182\" data-end=\"185\" \/>H\u00e1l\u00e1sak vagyunk mindazoknak, akik munk\u00e1jukkal hozz\u00e1j\u00e1rultak a VeBio fejl\u0151d\u00e9s\u00e9hez, t\u00e1boraink \u00e9s programjaink siker\u00e9hez.<\/p><p data-start=\"305\" data-end=\"392\">Ha szeretn\u00e9d megismerni, kik voltak r\u00e9gi \u00f6nk\u00e9nteseink, l\u00e1togass el az <strong data-start=\"375\" data-end=\"385\">Alumni<\/strong> f\u00fclre!<\/p>\t\t\t\t\t\t\t\t<\/div>\n\t\t\t\t<\/div>\n\t\t\t\t<\/div>\n\t\t\t\t<\/div>\n\t\t\t\t\t<\/div>\n\t\t\t\t<\/div>\n\t\t\t\t<\/div>\n\t\t","protected":false},"excerpt":{"rendered":"<p>A k\u00f6rtagok 4 tansz\u00e9k k\u00f6z\u00f6tt oszlanak meg aszerint, hogy ki melyik tant\u00e1rgyat szokta leggyakrabban tan\u00edtani a ny\u00e1ri t\u00e1borban. Kattints a megtekinteni k\u00edv\u00e1nt tansz\u00e9kre, ahol f\u00e9nyk\u00e9peket, inform\u00e1ci\u00f3kat, illetve el\u00e9rhet\u0151s\u00e9get tal\u00e1lsz jelenleg akt\u00edv tagjainkr\u00f3l. K\u00e9mia Tansz\u00e9k B\u0151vebben Fizika Tansz\u00e9k B\u0151vebben Matematika Tansz\u00e9k B\u0151vebben Biol\u00f3gia Tansz\u00e9k B\u0151vebben Seg\u00edt\u0151ink B\u0151vebben Seg\u00edt\u0151ink n\u00e9lk\u00fcl nem m\u0171k\u00f6dne a VeBio! \u0150k azok, akik a t\u00e1bori \u00e9s szakmai napok h\u00e1tt\u00e9rfolyamatait seg\u00edtik g\u00f6rd\u00fcl\u00e9kenyen lebonyol\u00edtani \u2013 a technikai el\u0151k\u00e9sz\u00fcletekt\u0151l a napi logisztikai feladatokig \u00e9s biztos\u00edtj\u00e1k, hogy a tan\u00e1ri kar maradjon k\u00e1v\u00e9 n\u00e9lk\u00fcl. Alumni B\u0151vebben R\u00e9gi tagjaink \u2013 Alumni K\u00f6z\u00f6ss\u00e9g\u00fcnk erej\u00e9t nemcsak a jelenlegi tagjaink, hanem a kor\u00e1bbi \u00e9vekben vel\u00fcnk dolgoz\u00f3 \u00f6nk\u00e9ntesek is adj\u00e1k.H\u00e1l\u00e1sak vagyunk mindazoknak, akik munk\u00e1jukkal hozz\u00e1j\u00e1rultak a VeBio fejl\u0151d\u00e9s\u00e9hez, t\u00e1boraink \u00e9s programjaink siker\u00e9hez. Ha szeretn\u00e9d megismerni, kik voltak r\u00e9gi \u00f6nk\u00e9nteseink, l\u00e1togass el az Alumni f\u00fclre!<\/p>\n","protected":false},"author":2,"featured_media":3607,"parent":28,"menu_order":0,"comment_status":"closed","ping_status":"closed","template":"","meta":{"_eb_attr":"","footnotes":""},"class_list":["post-636","page","type-page","status-publish","has-post-thumbnail"],"featured_image_src":"https:\/\/feb.ch.bme.hu\/wp-content\/uploads\/2025\/08\/20230717_101622_dorka.jpg","featured_image_src_square":"https:\/\/feb.ch.bme.hu\/wp-content\/uploads\/2025\/08\/20230717_101622_dorka.jpg","jetpack_sharing_enabled":true,"_links":{"self":[{"href":"https:\/\/feb.ch.bme.hu\/index.php\/wp-json\/wp\/v2\/pages\/636","targetHints":{"allow":["GET"]}}],"collection":[{"href":"https:\/\/feb.ch.bme.hu\/index.php\/wp-json\/wp\/v2\/pages"}],"about":[{"href":"https:\/\/feb.ch.bme.hu\/index.php\/wp-json\/wp\/v2\/types\/page"}],"author":[{"embeddable":true,"href":"https:\/\/feb.ch.bme.hu\/index.php\/wp-json\/wp\/v2\/users\/2"}],"replies":[{"embeddable":true,"href":"https:\/\/feb.ch.bme.hu\/index.php\/wp-json\/wp\/v2\/comments?post=636"}],"version-history":[{"count":69,"href":"https:\/\/feb.ch.bme.hu\/index.php\/wp-json\/wp\/v2\/pages\/636\/revisions"}],"predecessor-version":[{"id":3675,"href":"https:\/\/feb.ch.bme.hu\/index.php\/wp-json\/wp\/v2\/pages\/636\/revisions\/3675"}],"up":[{"embeddable":true,"href":"https:\/\/feb.ch.bme.hu\/index.php\/wp-json\/wp\/v2\/pages\/28"}],"wp:featuredmedia":[{"embeddable":true,"href":"https:\/\/feb.ch.bme.hu\/index.php\/wp-json\/wp\/v2\/media\/3607"}],"wp:attachment":[{"href":"https:\/\/feb.ch.bme.hu\/index.php\/wp-json\/wp\/v2\/media?parent=636"}],"curies":[{"name":"wp","href":"https:\/\/api.w.org\/{rel}","templated":true}]}}