{"id":819,"date":"2021-03-04T17:35:10","date_gmt":"2021-03-04T15:35:10","guid":{"rendered":"https:\/\/feb.ch.bme.hu\/?page_id=819"},"modified":"2025-09-07T15:54:13","modified_gmt":"2025-09-07T13:54:13","slug":"biologia-tanszek","status":"publish","type":"page","link":"https:\/\/feb.ch.bme.hu\/index.php\/bemutatkozas\/tagjaink\/biologia-tanszek\/","title":{"rendered":"Biol\u00f3gia Tansz\u00e9k"},"content":{"rendered":"\t\t<div data-elementor-type=\"wp-page\" data-elementor-id=\"819\" class=\"elementor elementor-819\">\n\t\t\t\t<div class=\"elementor-element elementor-element-2e881e73 e-con-full e-flex e-con e-parent\" data-id=\"2e881e73\" data-element_type=\"container\" data-e-type=\"container\">\n\t\t\t\t<div class=\"elementor-element elementor-element-3672e1a0 eael-simple-menu-hamburger-align-center eael-hamburger--mobile eael_simple_menu_hamburger_disable_selected_menu_no elementor-widget elementor-widget-eael-simple-menu\" data-id=\"3672e1a0\" data-element_type=\"widget\" data-e-type=\"widget\" data-widget_type=\"eael-simple-menu.default\">\n\t\t\t\t<div class=\"elementor-widget-container\">\n\t\t\t\t\t<style>\n                        @media screen and (max-width: 767px) {\n                            .eael-hamburger--mobile {\n                                .eael-simple-menu-horizontal,\n                                .eael-simple-menu-vertical {\n                                    display: none;\n                                }\n                            }\n                            .eael-hamburger--mobile {\n                                .eael-simple-menu-container .eael-simple-menu-toggle {\n                                    display: block;\n                                }\n                            }\n                        }\n                        .eael-simple-menu-container.eael-simple-menu--loading > ul {\n                            display: -webkit-box !important;\n                            display: -ms-flexbox !important;\n                            display: flex !important;\n                            list-style: none !important;\n                        }\n                        .eael-simple-menu-container.eael-simple-menu--loading li ul {\n                            visibility: hidden !important;\n                            opacity: 0 !important;\n                        }\n                    <\/style>            <div data-hamburger-icon=\"&lt;i aria-hidden=&quot;true&quot; class=&quot;fas fa-bars&quot;&gt;&lt;\/i&gt;\" data-indicator-icon=\"&lt;i aria-hidden=&quot;true&quot; class=&quot;fas fa-angle-down&quot;&gt;&lt;\/i&gt;\" data-dropdown-indicator-icon=\"&lt;i class=&quot;fas fa-angle-down&quot;&gt;&lt;\/i&gt;\" class=\"eael-simple-menu-container eael-simple-menu--loading eael-simple-menu-align-left eael-simple-menu--stretch eael-simple-menu-dropdown-align-left preset-1\" data-hamburger-breakpoints=\"{&quot;mobile&quot;:&quot;Mobile Portrait (&gt; 767px)&quot;,&quot;tablet&quot;:&quot;Tablet Portrait (&gt; 1024px)&quot;,&quot;desktop&quot;:&quot;Desktop (&gt; 2400px)&quot;,&quot;none&quot;:&quot;None&quot;}\" data-hamburger-device=\"mobile\">\n                <ul id=\"menu-tagjaink\" class=\"eael-simple-menu eael-simple-menu-dropdown-animate-to-top eael-simple-menu-indicator eael-hamburger-left eael-simple-menu-horizontal\"><li id=\"menu-item-3752\" class=\"menu-item menu-item-type-post_type menu-item-object-page menu-item-3752\"><a href=\"https:\/\/feb.ch.bme.hu\/index.php\/bemutatkozas\/tagjaink\/\">Tagjaink<\/a><\/li>\n<li id=\"menu-item-3757\" class=\"menu-item menu-item-type-post_type menu-item-object-page menu-item-3757\"><a href=\"https:\/\/feb.ch.bme.hu\/index.php\/bemutatkozas\/tagjaink\/kemia-tanszek\/\">K\u00e9mia Tansz\u00e9k<\/a><\/li>\n<li id=\"menu-item-3756\" class=\"menu-item menu-item-type-post_type menu-item-object-page menu-item-3756\"><a href=\"https:\/\/feb.ch.bme.hu\/index.php\/bemutatkozas\/tagjaink\/fizika-tanszek\/\">Fizika Tansz\u00e9k<\/a><\/li>\n<li id=\"menu-item-3758\" class=\"menu-item menu-item-type-post_type menu-item-object-page menu-item-3758\"><a href=\"https:\/\/feb.ch.bme.hu\/index.php\/bemutatkozas\/tagjaink\/matematika-tanszek\/\">Matematika Tansz\u00e9k<\/a><\/li>\n<li id=\"menu-item-3755\" class=\"menu-item menu-item-type-post_type menu-item-object-page menu-item-3755\"><a href=\"https:\/\/feb.ch.bme.hu\/index.php\/bemutatkozas\/tagjaink\/biologia-tanszek\/\">Biol\u00f3gia Tansz\u00e9k<\/a><\/li>\n<li id=\"menu-item-3753\" class=\"menu-item menu-item-type-post_type menu-item-object-page menu-item-3753\"><a href=\"https:\/\/feb.ch.bme.hu\/index.php\/bemutatkozas\/tagjaink\/segitoink\/\">Seg\u00edt\u0151ink<\/a><\/li>\n<li id=\"menu-item-3754\" class=\"menu-item menu-item-type-post_type menu-item-object-page menu-item-3754\"><a href=\"https:\/\/feb.ch.bme.hu\/index.php\/bemutatkozas\/tagjaink\/alumni\/\">Alumni<\/a><\/li>\n<\/ul>                <button class=\"eael-simple-menu-toggle\">\n                    <span class=\"sr-only \">Hamburger Toggle Menu<\/span>\n                    <i aria-hidden=\"true\" class=\"fas fa-bars\"><\/i>                <\/button>\n            <\/div>\n            \t\t\t\t<\/div>\n\t\t\t\t<\/div>\n\t\t\t\t<\/div>\n\t\t<div class=\"elementor-element elementor-element-abf373d e-grid e-con-boxed e-con e-parent\" data-id=\"abf373d\" data-element_type=\"container\" data-e-type=\"container\">\n\t\t\t\t\t<div class=\"e-con-inner\">\n\t\t\t\t<div class=\"elementor-element elementor-element-65bc1d4 elementor-position-top elementor-widget elementor-widget-image-box\" data-id=\"65bc1d4\" data-element_type=\"widget\" data-e-type=\"widget\" data-widget_type=\"image-box.default\">\n\t\t\t\t<div class=\"elementor-widget-container\">\n\t\t\t\t\t<div class=\"elementor-image-box-wrapper\"><figure class=\"elementor-image-box-img\"><a href=\"https:\/\/feb.ch.bme.hu\/index.php\/bemutatkozas\/tagjaink\/biologia-tanszek\/sipos-zsolt\/\" tabindex=\"-1\"><img fetchpriority=\"high\" decoding=\"async\" width=\"2286\" height=\"1949\" src=\"https:\/\/feb.ch.bme.hu\/wp-content\/uploads\/2023\/10\/sipos_zsolt.jpg\" class=\"attachment-full size-full wp-image-1220\" alt=\"\" \/><\/a><\/figure><div class=\"elementor-image-box-content\"><h4 class=\"elementor-image-box-title\"><a href=\"https:\/\/feb.ch.bme.hu\/index.php\/bemutatkozas\/tagjaink\/biologia-tanszek\/sipos-zsolt\/\">Dr. Sipos Zsolt<\/a><\/h4><p class=\"elementor-image-box-description\">biol\u00f3gia tansz\u00e9kvezet\u0151<\/p><\/div><\/div>\t\t\t\t<\/div>\n\t\t\t\t<\/div>\n\t\t\t\t<div class=\"elementor-element elementor-element-33910ba elementor-position-top elementor-widget elementor-widget-image-box\" data-id=\"33910ba\" data-element_type=\"widget\" data-e-type=\"widget\" data-widget_type=\"image-box.default\">\n\t\t\t\t<div class=\"elementor-widget-container\">\n\t\t\t\t\t<div class=\"elementor-image-box-wrapper\"><figure class=\"elementor-image-box-img\"><a href=\"https:\/\/feb.ch.bme.hu\/index.php\/bemutatkozas\/tagjaink\/biologia-tanszek\/pecs-miklos\/\" tabindex=\"-1\"><img decoding=\"async\" width=\"3617\" height=\"2411\" src=\"https:\/\/feb.ch.bme.hu\/wp-content\/uploads\/2025\/07\/Miki.jpg\" class=\"attachment-full size-full wp-image-2025\" alt=\"\" \/><\/a><\/figure><div class=\"elementor-image-box-content\"><h4 class=\"elementor-image-box-title\"><a href=\"https:\/\/feb.ch.bme.hu\/index.php\/bemutatkozas\/tagjaink\/biologia-tanszek\/pecs-miklos\/\">Dr. P\u00e9cs Mikl\u00f3s<\/a><\/h4><p class=\"elementor-image-box-description\">biol\u00f3gia oktat\u00f3<\/p><\/div><\/div>\t\t\t\t<\/div>\n\t\t\t\t<\/div>\n\t\t\t\t<div class=\"elementor-element elementor-element-f6e5fe5 elementor-position-top elementor-widget elementor-widget-image-box\" data-id=\"f6e5fe5\" data-element_type=\"widget\" data-e-type=\"widget\" data-widget_type=\"image-box.default\">\n\t\t\t\t<div class=\"elementor-widget-container\">\n\t\t\t\t\t<div class=\"elementor-image-box-wrapper\"><figure class=\"elementor-image-box-img\"><a href=\"https:\/\/feb.ch.bme.hu\/index.php\/bemutatkozas\/tagjaink\/biologia-tanszek\/ferenczi-szabolcs\/\" tabindex=\"-1\"><img decoding=\"async\" width=\"4712\" height=\"3121\" src=\"https:\/\/feb.ch.bme.hu\/wp-content\/uploads\/2025\/07\/DSC_4521.jpg\" class=\"attachment-full size-full wp-image-2016\" alt=\"\" \/><\/a><\/figure><div class=\"elementor-image-box-content\"><h4 class=\"elementor-image-box-title\"><a href=\"https:\/\/feb.ch.bme.hu\/index.php\/bemutatkozas\/tagjaink\/biologia-tanszek\/ferenczi-szabolcs\/\">Dr. Ferenczi Szabolcs<\/a><\/h4><p class=\"elementor-image-box-description\">biol\u00f3gia oktat\u00f3<\/p><\/div><\/div>\t\t\t\t<\/div>\n\t\t\t\t<\/div>\n\t\t\t\t<div class=\"elementor-element elementor-element-290ce37 elementor-position-top elementor-widget elementor-widget-image-box\" data-id=\"290ce37\" data-element_type=\"widget\" data-e-type=\"widget\" data-widget_type=\"image-box.default\">\n\t\t\t\t<div class=\"elementor-widget-container\">\n\t\t\t\t\t<div class=\"elementor-image-box-wrapper\"><figure class=\"elementor-image-box-img\"><a href=\"https:\/\/feb.ch.bme.hu\/index.php\/bemutatkozas\/tagjaink\/biologia-tanszek\/gal-borbala\/\" tabindex=\"-1\"><img loading=\"lazy\" decoding=\"async\" width=\"2286\" height=\"1948\" src=\"https:\/\/feb.ch.bme.hu\/wp-content\/uploads\/2023\/10\/gal_borbala.jpg\" class=\"attachment-full size-full wp-image-1223\" alt=\"\" \/><\/a><\/figure><div class=\"elementor-image-box-content\"><h4 class=\"elementor-image-box-title\"><a href=\"https:\/\/feb.ch.bme.hu\/index.php\/bemutatkozas\/tagjaink\/biologia-tanszek\/gal-borbala\/\">G\u00e1l Borb\u00e1la Kinga<\/a><\/h4><p class=\"elementor-image-box-description\">biol\u00f3gia oktat\u00f3<\/p><\/div><\/div>\t\t\t\t<\/div>\n\t\t\t\t<\/div>\n\t\t\t\t<div class=\"elementor-element elementor-element-0d45331 elementor-position-top elementor-widget elementor-widget-image-box\" data-id=\"0d45331\" data-element_type=\"widget\" data-e-type=\"widget\" data-widget_type=\"image-box.default\">\n\t\t\t\t<div class=\"elementor-widget-container\">\n\t\t\t\t\t<div class=\"elementor-image-box-wrapper\"><figure class=\"elementor-image-box-img\"><a href=\"https:\/\/feb.ch.bme.hu\/index.php\/bemutatkozas\/tagjaink\/biologia-tanszek\/varadi-kata\/\" tabindex=\"-1\"><img loading=\"lazy\" decoding=\"async\" width=\"2286\" height=\"1948\" src=\"https:\/\/feb.ch.bme.hu\/wp-content\/uploads\/2023\/10\/varadi_kata-1.jpg\" class=\"attachment-full size-full wp-image-1316\" alt=\"\" \/><\/a><\/figure><div class=\"elementor-image-box-content\"><h4 class=\"elementor-image-box-title\"><a href=\"https:\/\/feb.ch.bme.hu\/index.php\/bemutatkozas\/tagjaink\/biologia-tanszek\/varadi-kata\/\">V\u00e1radi Kata<\/a><\/h4><p class=\"elementor-image-box-description\">biol\u00f3gia oktat\u00f3<\/p><\/div><\/div>\t\t\t\t<\/div>\n\t\t\t\t<\/div>\n\t\t\t\t<div class=\"elementor-element elementor-element-8481ccd elementor-position-top elementor-widget elementor-widget-image-box\" data-id=\"8481ccd\" data-element_type=\"widget\" data-e-type=\"widget\" data-widget_type=\"image-box.default\">\n\t\t\t\t<div class=\"elementor-widget-container\">\n\t\t\t\t\t<div class=\"elementor-image-box-wrapper\"><figure class=\"elementor-image-box-img\"><a href=\"https:\/\/feb.ch.bme.hu\/index.php\/kapas-eszter-zita\/\" tabindex=\"-1\"><img loading=\"lazy\" decoding=\"async\" width=\"3320\" height=\"2213\" src=\"https:\/\/feb.ch.bme.hu\/wp-content\/uploads\/2025\/07\/KEszti.jpg\" class=\"attachment-full size-full wp-image-2045\" alt=\"\" \/><\/a><\/figure><div class=\"elementor-image-box-content\"><h4 class=\"elementor-image-box-title\"><a href=\"https:\/\/feb.ch.bme.hu\/index.php\/kapas-eszter-zita\/\">Kap\u00e1s Eszter Zita<\/a><\/h4><p class=\"elementor-image-box-description\">biol\u00f3gia oktat\u00f3<\/p><\/div><\/div>\t\t\t\t<\/div>\n\t\t\t\t<\/div>\n\t\t\t\t\t<\/div>\n\t\t\t\t<\/div>\n\t\t<div class=\"elementor-element elementor-element-b160df3 e-grid e-con-boxed e-con e-parent\" data-id=\"b160df3\" data-element_type=\"container\" data-e-type=\"container\">\n\t\t\t\t\t<div class=\"e-con-inner\">\n\t\t\t\t<div class=\"elementor-element elementor-element-cf644ae elementor-position-top elementor-widget elementor-widget-image-box\" data-id=\"cf644ae\" data-element_type=\"widget\" data-e-type=\"widget\" data-widget_type=\"image-box.default\">\n\t\t\t\t<div class=\"elementor-widget-container\">\n\t\t\t\t\t<div class=\"elementor-image-box-wrapper\"><figure class=\"elementor-image-box-img\"><a href=\"https:\/\/feb.ch.bme.hu\/index.php\/oroszi-mate-zalan\/\" tabindex=\"-1\"><img loading=\"lazy\" decoding=\"async\" width=\"3458\" height=\"2305\" src=\"https:\/\/feb.ch.bme.hu\/wp-content\/uploads\/2025\/07\/MateZalan.jpg\" class=\"attachment-full size-full wp-image-2023\" alt=\"\" \/><\/a><\/figure><div class=\"elementor-image-box-content\"><h4 class=\"elementor-image-box-title\"><a href=\"https:\/\/feb.ch.bme.hu\/index.php\/oroszi-mate-zalan\/\">Oroszi M\u00e1t\u00e9 Zal\u00e1n<\/a><\/h4><p class=\"elementor-image-box-description\">biol\u00f3gia oktat\u00f3<\/p><\/div><\/div>\t\t\t\t<\/div>\n\t\t\t\t<\/div>\n\t\t\t\t<div class=\"elementor-element elementor-element-bfcad0b elementor-position-top elementor-widget elementor-widget-image-box\" data-id=\"bfcad0b\" data-element_type=\"widget\" data-e-type=\"widget\" data-widget_type=\"image-box.default\">\n\t\t\t\t<div class=\"elementor-widget-container\">\n\t\t\t\t\t<div class=\"elementor-image-box-wrapper\"><figure class=\"elementor-image-box-img\"><a href=\"https:\/\/feb.ch.bme.hu\/index.php\/bemutatkozas\/tagjaink\/biologia-tanszek\/lesznik-zsofi\/\" tabindex=\"-1\"><img loading=\"lazy\" decoding=\"async\" width=\"3500\" height=\"2333\" src=\"https:\/\/feb.ch.bme.hu\/wp-content\/uploads\/2025\/07\/20241109144108.jpg\" class=\"attachment-full size-full wp-image-2091\" alt=\"\" \/><\/a><\/figure><div class=\"elementor-image-box-content\"><h4 class=\"elementor-image-box-title\"><a href=\"https:\/\/feb.ch.bme.hu\/index.php\/bemutatkozas\/tagjaink\/biologia-tanszek\/lesznik-zsofi\/\">Lesznik Zs\u00f3fia<\/a><\/h4><p class=\"elementor-image-box-description\">biol\u00f3gia oktat\u00f3<\/p><\/div><\/div>\t\t\t\t<\/div>\n\t\t\t\t<\/div>\n\t\t\t\t<div class=\"elementor-element elementor-element-6df6aba elementor-position-top elementor-widget elementor-widget-image-box\" data-id=\"6df6aba\" data-element_type=\"widget\" data-e-type=\"widget\" data-widget_type=\"image-box.default\">\n\t\t\t\t<div class=\"elementor-widget-container\">\n\t\t\t\t\t<div class=\"elementor-image-box-wrapper\"><figure class=\"elementor-image-box-img\"><a href=\"https:\/\/feb.ch.bme.hu\/index.php\/bemutatkozas\/tagjaink\/biologia-tanszek\/bagoly-kitti\/\" tabindex=\"-1\"><img loading=\"lazy\" decoding=\"async\" width=\"1040\" height=\"886\" src=\"https:\/\/feb.ch.bme.hu\/wp-content\/uploads\/2023\/10\/vebio_logo_vilagositott.png\" class=\"attachment-full size-full wp-image-1648\" alt=\"\" \/><\/a><\/figure><div class=\"elementor-image-box-content\"><h4 class=\"elementor-image-box-title\"><a href=\"https:\/\/feb.ch.bme.hu\/index.php\/bemutatkozas\/tagjaink\/biologia-tanszek\/bagoly-kitti\/\">Bagoly Kitti<\/a><\/h4><p class=\"elementor-image-box-description\">biol\u00f3gia oktat\u00f3<\/p><\/div><\/div>\t\t\t\t<\/div>\n\t\t\t\t<\/div>\n\t\t\t\t<div class=\"elementor-element elementor-element-d1f9676 elementor-position-top elementor-widget elementor-widget-image-box\" data-id=\"d1f9676\" data-element_type=\"widget\" data-e-type=\"widget\" data-widget_type=\"image-box.default\">\n\t\t\t\t<div class=\"elementor-widget-container\">\n\t\t\t\t\t<div class=\"elementor-image-box-wrapper\"><figure class=\"elementor-image-box-img\"><a href=\"https:\/\/feb.ch.bme.hu\/index.php\/bemutatkozas\/tagjaink\/biologia-tanszek\/berta-eszter\/\" tabindex=\"-1\"><img loading=\"lazy\" decoding=\"async\" width=\"3472\" height=\"2315\" src=\"https:\/\/feb.ch.bme.hu\/wp-content\/uploads\/2025\/07\/BEszti.jpg\" class=\"attachment-full size-full wp-image-2011\" alt=\"\" \/><\/a><\/figure><div class=\"elementor-image-box-content\"><h4 class=\"elementor-image-box-title\"><a href=\"https:\/\/feb.ch.bme.hu\/index.php\/bemutatkozas\/tagjaink\/biologia-tanszek\/berta-eszter\/\">Berta Eszter<\/a><\/h4><p class=\"elementor-image-box-description\">biol\u00f3gia oktat\u00f3<\/p><\/div><\/div>\t\t\t\t<\/div>\n\t\t\t\t<\/div>\n\t\t\t\t<div class=\"elementor-element elementor-element-d1db34e elementor-position-top elementor-widget elementor-widget-image-box\" data-id=\"d1db34e\" data-element_type=\"widget\" data-e-type=\"widget\" data-widget_type=\"image-box.default\">\n\t\t\t\t<div class=\"elementor-widget-container\">\n\t\t\t\t\t<div class=\"elementor-image-box-wrapper\"><figure class=\"elementor-image-box-img\"><a href=\"https:\/\/feb.ch.bme.hu\/index.php\/bemutatkozas\/tagjaink\/biologia-tanszek\/hamar-borbala\/\" tabindex=\"-1\"><img loading=\"lazy\" decoding=\"async\" width=\"3193\" height=\"2129\" src=\"https:\/\/feb.ch.bme.hu\/wp-content\/uploads\/2025\/07\/Boro.jpg\" class=\"attachment-full size-full wp-image-1999\" alt=\"\" \/><\/a><\/figure><div class=\"elementor-image-box-content\"><h4 class=\"elementor-image-box-title\"><a href=\"https:\/\/feb.ch.bme.hu\/index.php\/bemutatkozas\/tagjaink\/biologia-tanszek\/hamar-borbala\/\">Hamar Borb\u00e1la<\/a><\/h4><p class=\"elementor-image-box-description\">biol\u00f3gia oktat\u00f3<\/p><\/div><\/div>\t\t\t\t<\/div>\n\t\t\t\t<\/div>\n\t\t\t\t\t<\/div>\n\t\t\t\t<\/div>\n\t\t\t\t<\/div>\n\t\t","protected":false},"excerpt":{"rendered":"<p>Tagjaink K\u00e9mia Tansz\u00e9k Fizika Tansz\u00e9k Matematika Tansz\u00e9k Biol\u00f3gia Tansz\u00e9k Seg\u00edt\u0151ink Alumni Hamburger Toggle Menu Dr. Sipos Zsolt biol\u00f3gia tansz\u00e9kvezet\u0151 Dr. P\u00e9cs Mikl\u00f3s biol\u00f3gia oktat\u00f3 Dr. Ferenczi Szabolcs biol\u00f3gia oktat\u00f3 G\u00e1l Borb\u00e1la Kinga biol\u00f3gia oktat\u00f3 V\u00e1radi Kata biol\u00f3gia oktat\u00f3 Kap\u00e1s Eszter Zita biol\u00f3gia oktat\u00f3 Oroszi M\u00e1t\u00e9 Zal\u00e1n biol\u00f3gia oktat\u00f3 Lesznik Zs\u00f3fia biol\u00f3gia oktat\u00f3 Bagoly Kitti biol\u00f3gia oktat\u00f3 Berta Eszter biol\u00f3gia oktat\u00f3 Hamar Borb\u00e1la biol\u00f3gia oktat\u00f3<\/p>\n","protected":false},"author":2,"featured_media":3695,"parent":636,"menu_order":0,"comment_status":"closed","ping_status":"closed","template":"","meta":{"_eb_attr":"","footnotes":""},"class_list":["post-819","page","type-page","status-publish","has-post-thumbnail"],"featured_image_src":"https:\/\/feb.ch.bme.hu\/wp-content\/uploads\/2025\/08\/Biologia-Tanszek.png","featured_image_src_square":"https:\/\/feb.ch.bme.hu\/wp-content\/uploads\/2025\/08\/Biologia-Tanszek.png","jetpack_sharing_enabled":true,"_links":{"self":[{"href":"https:\/\/feb.ch.bme.hu\/index.php\/wp-json\/wp\/v2\/pages\/819","targetHints":{"allow":["GET"]}}],"collection":[{"href":"https:\/\/feb.ch.bme.hu\/index.php\/wp-json\/wp\/v2\/pages"}],"about":[{"href":"https:\/\/feb.ch.bme.hu\/index.php\/wp-json\/wp\/v2\/types\/page"}],"author":[{"embeddable":true,"href":"https:\/\/feb.ch.bme.hu\/index.php\/wp-json\/wp\/v2\/users\/2"}],"replies":[{"embeddable":true,"href":"https:\/\/feb.ch.bme.hu\/index.php\/wp-json\/wp\/v2\/comments?post=819"}],"version-history":[{"count":88,"href":"https:\/\/feb.ch.bme.hu\/index.php\/wp-json\/wp\/v2\/pages\/819\/revisions"}],"predecessor-version":[{"id":4575,"href":"https:\/\/feb.ch.bme.hu\/index.php\/wp-json\/wp\/v2\/pages\/819\/revisions\/4575"}],"up":[{"embeddable":true,"href":"https:\/\/feb.ch.bme.hu\/index.php\/wp-json\/wp\/v2\/pages\/636"}],"wp:featuredmedia":[{"embeddable":true,"href":"https:\/\/feb.ch.bme.hu\/index.php\/wp-json\/wp\/v2\/media\/3695"}],"wp:attachment":[{"href":"https:\/\/feb.ch.bme.hu\/index.php\/wp-json\/wp\/v2\/media?parent=819"}],"curies":[{"name":"wp","href":"https:\/\/api.w.org\/{rel}","templated":true}]}}